{"id":959,"date":"2020-12-11T11:51:47","date_gmt":"2020-12-11T11:51:47","guid":{"rendered":"http:\/\/ceipluiscernudacastilleja.es\/?page_id=959"},"modified":"2024-02-27T12:48:14","modified_gmt":"2024-02-27T12:48:14","slug":"presentacion-electronica-en-centro","status":"publish","type":"page","link":"https:\/\/ceipluiscernudacastilleja.es\/?page_id=959","title":{"rendered":"PRESENTACI\u00d3N ELECTR\u00d3NICA EN CENTRO"},"content":{"rendered":"\n<div class=\"wp-block-themeisle-blocks-advanced-columns has-2-columns has-desktop-oneTwo-layout has-tablet-equal-layout has-mobile-collapsedRows-layout has-default-gap has-vertical-unset\" id=\"wp-block-themeisle-blocks-advanced-columns-f3f208bb\"><div class=\"wp-block-themeisle-blocks-advanced-columns-overlay\"><\/div><div class=\"innerblocks-wrap\">\n\n<div class=\"wp-block-themeisle-blocks-advanced-column\" id=\"wp-block-themeisle-blocks-advanced-column-f19a84a6\">\n\n<p class=\"has-medium-font-size\"><strong>Viernes, 11\/12\/2020<\/strong><\/p>\n\n<\/div>\n\n\n<div class=\"wp-block-themeisle-blocks-advanced-column\" id=\"wp-block-themeisle-blocks-advanced-column-5c0d377b\">\n\n<div class=\"wp-block-file\"><a href=\"http:\/\/ceipluiscernudacastilleja.es\/wp-content\/uploads\/2020\/12\/PRESENTACI\u00d3N-ELECTR\u00d3NICA-GENERAL-EN-CENTROS-EDUCATIVOS.pdf\" target=\"_blank\" rel=\"noreferrer noopener\"><mark>PRESENTACI\u00d3N-ELECTR\u00d3NICA-GENERAL-EN-CENTROS-EDUCATIVOS<\/mark><\/a><a href=\"http:\/\/ceipluiscernudacastilleja.es\/wp-content\/uploads\/2020\/12\/PRESENTACI\u00d3N-ELECTR\u00d3NICA-GENERAL-EN-CENTROS-EDUCATIVOS.pdf\" class=\"wp-block-file__button\" download=\"\">Descarga<\/a><\/div>\n\n<\/div>\n\n<\/div><\/div>\n\n\n\n<div class=\"wp-block-group has-very-dark-gray-color has-pale-cyan-blue-background-color has-text-color has-background is-layout-flow wp-block-group-is-layout-flow\"><div class=\"wp-block-group__inner-container\">\n<p class=\"has-medium-font-size\">As\u00ed mismo, le dejamos el enlace a la Secretaria Virtual de los Centros Educativos donde tienen que realizar el tr\u00e1mite.<\/p>\n\n\n\n<p class=\"has-medium-font-size\"><a href=\"https:\/\/www.juntadeandalucia.es\/educacion\/secretariavirtual\/accesoTramite\/462\/\">https:\/\/www.juntadeandalucia.es\/educacion\/secretariavirtual\/<\/a><\/p>\n<\/div><\/div>\n\n\n\n<figure class=\"wp-block-embed is-type-video is-provider-youtube wp-block-embed-youtube wp-embed-aspect-16-9 wp-has-aspect-ratio\"><div class=\"wp-block-embed__wrapper\">\n<iframe loading=\"lazy\" title=\"Presentaci\u00f3n electr\u00f3nica de tr\u00e1mites generales en centros educativos | AlbertoPTFP\" width=\"1140\" height=\"641\" src=\"https:\/\/www.youtube.com\/embed\/6qnpRCkgJxQ?start=75&#038;feature=oembed\" frameborder=\"0\" allow=\"accelerometer; autoplay; clipboard-write; encrypted-media; gyroscope; picture-in-picture; web-share\" allowfullscreen><\/iframe>\n<\/div><\/figure>\n\n\n\n<p> <strong>Punto de recogida de documentos en Ipasen<\/strong> <\/p>\n\n\n\n<figure class=\"wp-block-embed is-type-video is-provider-youtube wp-block-embed-youtube wp-embed-aspect-16-9 wp-has-aspect-ratio\"><div class=\"wp-block-embed__wrapper\">\n<iframe loading=\"lazy\" title=\"IPASEN 7: Punto de Recogida de Documentos\" width=\"1140\" height=\"641\" src=\"https:\/\/www.youtube.com\/embed\/K7s5wXWcEdc?feature=oembed\" frameborder=\"0\" allow=\"accelerometer; autoplay; clipboard-write; encrypted-media; gyroscope; picture-in-picture; web-share\" allowfullscreen><\/iframe>\n<\/div><\/figure>\n","protected":false},"excerpt":{"rendered":"<p>As\u00ed mismo, le dejamos el enlace a la Secretaria Virtual de los Centros Educativos donde tienen que realizar el tr\u00e1mite. https:\/\/www.juntadeandalucia.es\/educacion\/secretariavirtual\/ Punto de recogida de documentos en Ipasen<\/p>\n","protected":false},"author":1,"featured_media":0,"parent":21,"menu_order":2,"comment_status":"closed","ping_status":"closed","template":"","meta":{"footnotes":""},"_links":{"self":[{"href":"https:\/\/ceipluiscernudacastilleja.es\/index.php?rest_route=\/wp\/v2\/pages\/959"}],"collection":[{"href":"https:\/\/ceipluiscernudacastilleja.es\/index.php?rest_route=\/wp\/v2\/pages"}],"about":[{"href":"https:\/\/ceipluiscernudacastilleja.es\/index.php?rest_route=\/wp\/v2\/types\/page"}],"author":[{"embeddable":true,"href":"https:\/\/ceipluiscernudacastilleja.es\/index.php?rest_route=\/wp\/v2\/users\/1"}],"replies":[{"embeddable":true,"href":"https:\/\/ceipluiscernudacastilleja.es\/index.php?rest_route=%2Fwp%2Fv2%2Fcomments&post=959"}],"version-history":[{"count":12,"href":"https:\/\/ceipluiscernudacastilleja.es\/index.php?rest_route=\/wp\/v2\/pages\/959\/revisions"}],"predecessor-version":[{"id":2831,"href":"https:\/\/ceipluiscernudacastilleja.es\/index.php?rest_route=\/wp\/v2\/pages\/959\/revisions\/2831"}],"up":[{"embeddable":true,"href":"https:\/\/ceipluiscernudacastilleja.es\/index.php?rest_route=\/wp\/v2\/pages\/21"}],"wp:attachment":[{"href":"https:\/\/ceipluiscernudacastilleja.es\/index.php?rest_route=%2Fwp%2Fv2%2Fmedia&parent=959"}],"curies":[{"name":"wp","href":"https:\/\/api.w.org\/{rel}","templated":true}]}}