{"id":56,"date":"2020-01-23T17:20:30","date_gmt":"2020-01-23T17:20:30","guid":{"rendered":"http:\/\/ceipluiscernudacastilleja.es\/?page_id=56"},"modified":"2021-12-03T12:16:56","modified_gmt":"2021-12-03T12:16:56","slug":"instalaciones","status":"publish","type":"page","link":"https:\/\/ceipluiscernudacastilleja.es\/?page_id=56","title":{"rendered":"Instalaciones"},"content":{"rendered":"\n<p class=\"has-medium-font-size\">Las instalaciones de nuestro centro permiten desarrollar la pr\u00e1ctica docente en un entorno perfecto para el aprendizaje. <\/p>\n\n\n\n<p class=\"has-medium-font-size\">Actualmente contamos con los siguientes espacios:<\/p>\n\n\n\n<ul><li>Comedor<\/li><li>Aula matinal<\/li><li>Biblioteca<\/li><li>Aula de m\u00fasica<\/li><li>Gimnasio<\/li><li>Pistas deportivas<\/li><li>Sal\u00f3n de Usos M\u00faltiples<\/li><li>Huerto Escolar<\/li><\/ul>\n\n\n\n<p class=\"has-medium-font-size\">Adem\u00e1s, todas las aulas de Educaci\u00f3n Infantil y Primaria est\u00e1n equipadas con Pizarras Digitales Interactivas as\u00ed como aires acondicionados. <\/p>\n\n\n\n<figure class=\"wp-block-gallery columns-2 is-cropped wp-block-gallery-1 is-layout-flex wp-block-gallery-is-layout-flex\"><ul class=\"blocks-gallery-grid\"><li class=\"blocks-gallery-item\"><figure><img loading=\"lazy\" decoding=\"async\" width=\"1024\" height=\"376\" src=\"http:\/\/ceipluiscernudacastilleja.es\/wp-content\/uploads\/2020\/02\/Group-2-DSC_6933_DSC_6944-12-images-1-1024x376.jpg\" alt=\"\" data-id=\"275\" data-link=\"http:\/\/ceipluiscernudacastilleja.es\/?attachment_id=275\" class=\"wp-image-275\" srcset=\"https:\/\/ceipluiscernudacastilleja.es\/wp-content\/uploads\/2020\/02\/Group-2-DSC_6933_DSC_6944-12-images-1-1024x376.jpg 1024w, https:\/\/ceipluiscernudacastilleja.es\/wp-content\/uploads\/2020\/02\/Group-2-DSC_6933_DSC_6944-12-images-1-300x110.jpg 300w, https:\/\/ceipluiscernudacastilleja.es\/wp-content\/uploads\/2020\/02\/Group-2-DSC_6933_DSC_6944-12-images-1-768x282.jpg 768w, https:\/\/ceipluiscernudacastilleja.es\/wp-content\/uploads\/2020\/02\/Group-2-DSC_6933_DSC_6944-12-images-1-1536x564.jpg 1536w, https:\/\/ceipluiscernudacastilleja.es\/wp-content\/uploads\/2020\/02\/Group-2-DSC_6933_DSC_6944-12-images-1-2048x752.jpg 2048w\" sizes=\"(max-width: 1024px) 100vw, 1024px\" \/><figcaption class=\"blocks-gallery-item__caption\">Aula de Educaci\u00f3n Infantil<\/figcaption><\/figure><\/li><li class=\"blocks-gallery-item\"><figure><img loading=\"lazy\" decoding=\"async\" width=\"1024\" height=\"488\" src=\"http:\/\/ceipluiscernudacastilleja.es\/wp-content\/uploads\/2020\/02\/Group-4-DSC_6951_DSC_6953-3-images-1024x488.jpg\" alt=\"\" data-id=\"276\" data-link=\"http:\/\/ceipluiscernudacastilleja.es\/?attachment_id=276\" class=\"wp-image-276\" srcset=\"https:\/\/ceipluiscernudacastilleja.es\/wp-content\/uploads\/2020\/02\/Group-4-DSC_6951_DSC_6953-3-images-1024x488.jpg 1024w, https:\/\/ceipluiscernudacastilleja.es\/wp-content\/uploads\/2020\/02\/Group-4-DSC_6951_DSC_6953-3-images-300x143.jpg 300w, https:\/\/ceipluiscernudacastilleja.es\/wp-content\/uploads\/2020\/02\/Group-4-DSC_6951_DSC_6953-3-images-768x366.jpg 768w, https:\/\/ceipluiscernudacastilleja.es\/wp-content\/uploads\/2020\/02\/Group-4-DSC_6951_DSC_6953-3-images-1536x732.jpg 1536w, https:\/\/ceipluiscernudacastilleja.es\/wp-content\/uploads\/2020\/02\/Group-4-DSC_6951_DSC_6953-3-images-2048x976.jpg 2048w\" sizes=\"(max-width: 1024px) 100vw, 1024px\" \/><figcaption class=\"blocks-gallery-item__caption\">Sal\u00f3n de Usos M\u00faltiples<\/figcaption><\/figure><\/li><li class=\"blocks-gallery-item\"><figure><img loading=\"lazy\" decoding=\"async\" width=\"1024\" height=\"496\" src=\"http:\/\/ceipluiscernudacastilleja.es\/wp-content\/uploads\/2020\/02\/Group-5-DSC_6957_DSC_6959-3-images-1024x496.jpg\" alt=\"\" data-id=\"277\" data-link=\"http:\/\/ceipluiscernudacastilleja.es\/?attachment_id=277\" class=\"wp-image-277\" srcset=\"https:\/\/ceipluiscernudacastilleja.es\/wp-content\/uploads\/2020\/02\/Group-5-DSC_6957_DSC_6959-3-images-1024x496.jpg 1024w, https:\/\/ceipluiscernudacastilleja.es\/wp-content\/uploads\/2020\/02\/Group-5-DSC_6957_DSC_6959-3-images-300x145.jpg 300w, https:\/\/ceipluiscernudacastilleja.es\/wp-content\/uploads\/2020\/02\/Group-5-DSC_6957_DSC_6959-3-images-768x372.jpg 768w, https:\/\/ceipluiscernudacastilleja.es\/wp-content\/uploads\/2020\/02\/Group-5-DSC_6957_DSC_6959-3-images-1536x744.jpg 1536w, https:\/\/ceipluiscernudacastilleja.es\/wp-content\/uploads\/2020\/02\/Group-5-DSC_6957_DSC_6959-3-images-2048x992.jpg 2048w\" sizes=\"(max-width: 1024px) 100vw, 1024px\" \/><figcaption class=\"blocks-gallery-item__caption\">Sal\u00f3n de Usos M\u00faltiples<\/figcaption><\/figure><\/li><li class=\"blocks-gallery-item\"><figure><img loading=\"lazy\" decoding=\"async\" width=\"1024\" height=\"388\" src=\"http:\/\/ceipluiscernudacastilleja.es\/wp-content\/uploads\/2020\/02\/comedor-01-1024x388.jpg\" alt=\"\" data-id=\"278\" data-link=\"http:\/\/ceipluiscernudacastilleja.es\/?attachment_id=278\" class=\"wp-image-278\" srcset=\"https:\/\/ceipluiscernudacastilleja.es\/wp-content\/uploads\/2020\/02\/comedor-01-1024x388.jpg 1024w, https:\/\/ceipluiscernudacastilleja.es\/wp-content\/uploads\/2020\/02\/comedor-01-300x114.jpg 300w, https:\/\/ceipluiscernudacastilleja.es\/wp-content\/uploads\/2020\/02\/comedor-01-768x291.jpg 768w, https:\/\/ceipluiscernudacastilleja.es\/wp-content\/uploads\/2020\/02\/comedor-01-1536x583.jpg 1536w, https:\/\/ceipluiscernudacastilleja.es\/wp-content\/uploads\/2020\/02\/comedor-01-2048x777.jpg 2048w\" sizes=\"(max-width: 1024px) 100vw, 1024px\" \/><figcaption class=\"blocks-gallery-item__caption\">Comedor<\/figcaption><\/figure><\/li><li class=\"blocks-gallery-item\"><figure><img loading=\"lazy\" decoding=\"async\" width=\"1024\" height=\"594\" src=\"http:\/\/ceipluiscernudacastilleja.es\/wp-content\/uploads\/2020\/02\/fachada-04-1024x594.jpg\" alt=\"\" data-id=\"279\" data-link=\"http:\/\/ceipluiscernudacastilleja.es\/?attachment_id=279\" class=\"wp-image-279\" srcset=\"https:\/\/ceipluiscernudacastilleja.es\/wp-content\/uploads\/2020\/02\/fachada-04-1024x594.jpg 1024w, https:\/\/ceipluiscernudacastilleja.es\/wp-content\/uploads\/2020\/02\/fachada-04-300x174.jpg 300w, https:\/\/ceipluiscernudacastilleja.es\/wp-content\/uploads\/2020\/02\/fachada-04-768x445.jpg 768w, https:\/\/ceipluiscernudacastilleja.es\/wp-content\/uploads\/2020\/02\/fachada-04-1536x890.jpg 1536w, https:\/\/ceipluiscernudacastilleja.es\/wp-content\/uploads\/2020\/02\/fachada-04-2048x1187.jpg 2048w\" sizes=\"(max-width: 1024px) 100vw, 1024px\" \/><figcaption class=\"blocks-gallery-item__caption\">Fachada<\/figcaption><\/figure><\/li><li class=\"blocks-gallery-item\"><figure><img loading=\"lazy\" decoding=\"async\" width=\"1024\" height=\"370\" src=\"http:\/\/ceipluiscernudacastilleja.es\/wp-content\/uploads\/2020\/02\/gimnasio-1024x370.jpg\" alt=\"\" data-id=\"280\" data-link=\"http:\/\/ceipluiscernudacastilleja.es\/?attachment_id=280\" class=\"wp-image-280\" srcset=\"https:\/\/ceipluiscernudacastilleja.es\/wp-content\/uploads\/2020\/02\/gimnasio-1024x370.jpg 1024w, https:\/\/ceipluiscernudacastilleja.es\/wp-content\/uploads\/2020\/02\/gimnasio-300x108.jpg 300w, https:\/\/ceipluiscernudacastilleja.es\/wp-content\/uploads\/2020\/02\/gimnasio-768x277.jpg 768w, https:\/\/ceipluiscernudacastilleja.es\/wp-content\/uploads\/2020\/02\/gimnasio-1536x555.jpg 1536w, https:\/\/ceipluiscernudacastilleja.es\/wp-content\/uploads\/2020\/02\/gimnasio-2048x740.jpg 2048w\" sizes=\"(max-width: 1024px) 100vw, 1024px\" \/><figcaption class=\"blocks-gallery-item__caption\">Gimnasio<\/figcaption><\/figure><\/li><li class=\"blocks-gallery-item\"><figure><img loading=\"lazy\" decoding=\"async\" width=\"1024\" height=\"685\" src=\"http:\/\/ceipluiscernudacastilleja.es\/wp-content\/uploads\/2020\/02\/infantil-1024x685.jpg\" alt=\"\" data-id=\"282\" data-link=\"http:\/\/ceipluiscernudacastilleja.es\/?attachment_id=282\" class=\"wp-image-282\" srcset=\"https:\/\/ceipluiscernudacastilleja.es\/wp-content\/uploads\/2020\/02\/infantil-1024x685.jpg 1024w, https:\/\/ceipluiscernudacastilleja.es\/wp-content\/uploads\/2020\/02\/infantil-300x201.jpg 300w, https:\/\/ceipluiscernudacastilleja.es\/wp-content\/uploads\/2020\/02\/infantil-768x514.jpg 768w, https:\/\/ceipluiscernudacastilleja.es\/wp-content\/uploads\/2020\/02\/infantil-1536x1028.jpg 1536w, https:\/\/ceipluiscernudacastilleja.es\/wp-content\/uploads\/2020\/02\/infantil-2048x1371.jpg 2048w\" sizes=\"(max-width: 1024px) 100vw, 1024px\" \/><figcaption class=\"blocks-gallery-item__caption\">Patios de las aulas de Ed. Infantil<\/figcaption><\/figure><\/li><li class=\"blocks-gallery-item\"><figure><img loading=\"lazy\" decoding=\"async\" width=\"1024\" height=\"551\" src=\"http:\/\/ceipluiscernudacastilleja.es\/wp-content\/uploads\/2020\/02\/pistas-01-1024x551.jpg\" alt=\"\" data-id=\"286\" data-link=\"http:\/\/ceipluiscernudacastilleja.es\/?attachment_id=286\" class=\"wp-image-286\" srcset=\"https:\/\/ceipluiscernudacastilleja.es\/wp-content\/uploads\/2020\/02\/pistas-01-1024x551.jpg 1024w, https:\/\/ceipluiscernudacastilleja.es\/wp-content\/uploads\/2020\/02\/pistas-01-300x161.jpg 300w, https:\/\/ceipluiscernudacastilleja.es\/wp-content\/uploads\/2020\/02\/pistas-01-768x413.jpg 768w, https:\/\/ceipluiscernudacastilleja.es\/wp-content\/uploads\/2020\/02\/pistas-01-1536x827.jpg 1536w, https:\/\/ceipluiscernudacastilleja.es\/wp-content\/uploads\/2020\/02\/pistas-01-2048x1102.jpg 2048w\" sizes=\"(max-width: 1024px) 100vw, 1024px\" \/><figcaption class=\"blocks-gallery-item__caption\">Pistas deportivas y de recreo<\/figcaption><\/figure><\/li><li class=\"blocks-gallery-item\"><figure><img loading=\"lazy\" decoding=\"async\" width=\"1024\" height=\"280\" src=\"http:\/\/ceipluiscernudacastilleja.es\/wp-content\/uploads\/2020\/02\/pistas-03-1024x280.jpg\" alt=\"\" data-id=\"287\" data-link=\"http:\/\/ceipluiscernudacastilleja.es\/?attachment_id=287\" class=\"wp-image-287\" srcset=\"https:\/\/ceipluiscernudacastilleja.es\/wp-content\/uploads\/2020\/02\/pistas-03-1024x280.jpg 1024w, https:\/\/ceipluiscernudacastilleja.es\/wp-content\/uploads\/2020\/02\/pistas-03-300x82.jpg 300w, https:\/\/ceipluiscernudacastilleja.es\/wp-content\/uploads\/2020\/02\/pistas-03-768x210.jpg 768w, https:\/\/ceipluiscernudacastilleja.es\/wp-content\/uploads\/2020\/02\/pistas-03-1536x421.jpg 1536w, https:\/\/ceipluiscernudacastilleja.es\/wp-content\/uploads\/2020\/02\/pistas-03-2048x561.jpg 2048w\" sizes=\"(max-width: 1024px) 100vw, 1024px\" \/><figcaption class=\"blocks-gallery-item__caption\">Pistas deportivas y de recreo<\/figcaption><\/figure><\/li><li class=\"blocks-gallery-item\"><figure><img loading=\"lazy\" decoding=\"async\" width=\"1024\" height=\"683\" src=\"http:\/\/ceipluiscernudacastilleja.es\/wp-content\/uploads\/2020\/02\/IMG_5942ll-1024x683.jpg\" alt=\"\" data-id=\"315\" data-full-url=\"http:\/\/ceipluiscernudacastilleja.es\/wp-content\/uploads\/2020\/02\/IMG_5942ll.jpg\" data-link=\"http:\/\/ceipluiscernudacastilleja.es\/?attachment_id=315\" class=\"wp-image-315\" srcset=\"https:\/\/ceipluiscernudacastilleja.es\/wp-content\/uploads\/2020\/02\/IMG_5942ll-1024x683.jpg 1024w, https:\/\/ceipluiscernudacastilleja.es\/wp-content\/uploads\/2020\/02\/IMG_5942ll-300x200.jpg 300w, https:\/\/ceipluiscernudacastilleja.es\/wp-content\/uploads\/2020\/02\/IMG_5942ll-768x512.jpg 768w, https:\/\/ceipluiscernudacastilleja.es\/wp-content\/uploads\/2020\/02\/IMG_5942ll-1536x1024.jpg 1536w, https:\/\/ceipluiscernudacastilleja.es\/wp-content\/uploads\/2020\/02\/IMG_5942ll-720x480.jpg 720w, https:\/\/ceipluiscernudacastilleja.es\/wp-content\/uploads\/2020\/02\/IMG_5942ll.jpg 1920w\" sizes=\"(max-width: 1024px) 100vw, 1024px\" \/><figcaption class=\"blocks-gallery-item__caption\">Biblioteca<\/figcaption><\/figure><\/li><li class=\"blocks-gallery-item\"><figure><img loading=\"lazy\" decoding=\"async\" width=\"1024\" height=\"683\" src=\"http:\/\/ceipluiscernudacastilleja.es\/wp-content\/uploads\/2020\/02\/IMG_5943ll-1024x683.jpg\" alt=\"\" data-id=\"316\" data-full-url=\"http:\/\/ceipluiscernudacastilleja.es\/wp-content\/uploads\/2020\/02\/IMG_5943ll.jpg\" data-link=\"http:\/\/ceipluiscernudacastilleja.es\/?attachment_id=316\" class=\"wp-image-316\" srcset=\"https:\/\/ceipluiscernudacastilleja.es\/wp-content\/uploads\/2020\/02\/IMG_5943ll-1024x683.jpg 1024w, https:\/\/ceipluiscernudacastilleja.es\/wp-content\/uploads\/2020\/02\/IMG_5943ll-300x200.jpg 300w, https:\/\/ceipluiscernudacastilleja.es\/wp-content\/uploads\/2020\/02\/IMG_5943ll-768x512.jpg 768w, https:\/\/ceipluiscernudacastilleja.es\/wp-content\/uploads\/2020\/02\/IMG_5943ll-1536x1024.jpg 1536w, https:\/\/ceipluiscernudacastilleja.es\/wp-content\/uploads\/2020\/02\/IMG_5943ll-720x480.jpg 720w, https:\/\/ceipluiscernudacastilleja.es\/wp-content\/uploads\/2020\/02\/IMG_5943ll.jpg 1920w\" sizes=\"(max-width: 1024px) 100vw, 1024px\" \/><figcaption class=\"blocks-gallery-item__caption\">Biblioteca<\/figcaption><\/figure><\/li><li class=\"blocks-gallery-item\"><figure><img loading=\"lazy\" decoding=\"async\" width=\"1024\" height=\"820\" src=\"http:\/\/ceipluiscernudacastilleja.es\/wp-content\/uploads\/2020\/02\/patio-04lll-1024x820.jpg\" alt=\"\" data-id=\"317\" data-full-url=\"http:\/\/ceipluiscernudacastilleja.es\/wp-content\/uploads\/2020\/02\/patio-04lll-scaled.jpg\" data-link=\"http:\/\/ceipluiscernudacastilleja.es\/?attachment_id=317\" class=\"wp-image-317\" srcset=\"https:\/\/ceipluiscernudacastilleja.es\/wp-content\/uploads\/2020\/02\/patio-04lll-1024x820.jpg 1024w, https:\/\/ceipluiscernudacastilleja.es\/wp-content\/uploads\/2020\/02\/patio-04lll-300x240.jpg 300w, https:\/\/ceipluiscernudacastilleja.es\/wp-content\/uploads\/2020\/02\/patio-04lll-768x615.jpg 768w, https:\/\/ceipluiscernudacastilleja.es\/wp-content\/uploads\/2020\/02\/patio-04lll-1536x1230.jpg 1536w, https:\/\/ceipluiscernudacastilleja.es\/wp-content\/uploads\/2020\/02\/patio-04lll-2048x1640.jpg 2048w\" sizes=\"(max-width: 1024px) 100vw, 1024px\" \/><figcaption class=\"blocks-gallery-item__caption\">Patio interior<\/figcaption><\/figure><\/li><\/ul><\/figure>\n","protected":false},"excerpt":{"rendered":"<p>Las instalaciones de nuestro centro permiten desarrollar la pr\u00e1ctica docente en un entorno perfecto para el aprendizaje. Actualmente contamos con los siguientes espacios: Comedor Aula matinal Biblioteca Aula de m\u00fasica Gimnasio Pistas deportivas Sal\u00f3n de Usos M\u00faltiples Huerto Escolar Adem\u00e1s, todas las aulas de Educaci\u00f3n Infantil y Primaria est\u00e1n equipadas con Pizarras Digitales Interactivas as\u00ed [&hellip;]<\/p>\n","protected":false},"author":1,"featured_media":0,"parent":25,"menu_order":3,"comment_status":"closed","ping_status":"closed","template":"","meta":{"footnotes":""},"_links":{"self":[{"href":"https:\/\/ceipluiscernudacastilleja.es\/index.php?rest_route=\/wp\/v2\/pages\/56"}],"collection":[{"href":"https:\/\/ceipluiscernudacastilleja.es\/index.php?rest_route=\/wp\/v2\/pages"}],"about":[{"href":"https:\/\/ceipluiscernudacastilleja.es\/index.php?rest_route=\/wp\/v2\/types\/page"}],"author":[{"embeddable":true,"href":"https:\/\/ceipluiscernudacastilleja.es\/index.php?rest_route=\/wp\/v2\/users\/1"}],"replies":[{"embeddable":true,"href":"https:\/\/ceipluiscernudacastilleja.es\/index.php?rest_route=%2Fwp%2Fv2%2Fcomments&post=56"}],"version-history":[{"count":5,"href":"https:\/\/ceipluiscernudacastilleja.es\/index.php?rest_route=\/wp\/v2\/pages\/56\/revisions"}],"predecessor-version":[{"id":1114,"href":"https:\/\/ceipluiscernudacastilleja.es\/index.php?rest_route=\/wp\/v2\/pages\/56\/revisions\/1114"}],"up":[{"embeddable":true,"href":"https:\/\/ceipluiscernudacastilleja.es\/index.php?rest_route=\/wp\/v2\/pages\/25"}],"wp:attachment":[{"href":"https:\/\/ceipluiscernudacastilleja.es\/index.php?rest_route=%2Fwp%2Fv2%2Fmedia&parent=56"}],"curies":[{"name":"wp","href":"https:\/\/api.w.org\/{rel}","templated":true}]}}