{"id":27,"date":"2020-01-23T16:24:46","date_gmt":"2020-01-23T16:24:46","guid":{"rendered":"http:\/\/ceipluiscernudacastilleja.es\/?page_id=27"},"modified":"2023-02-07T12:47:26","modified_gmt":"2023-02-07T12:47:26","slug":"contacto","status":"publish","type":"page","link":"https:\/\/ceipluiscernudacastilleja.es\/?page_id=27","title":{"rendered":"Contacto"},"content":{"rendered":"\n<p class=\"has-large-font-size\">Localizaci\u00f3n<\/p>\n\n\n\n<p class=\"has-medium-font-size\"> Nos encontrar\u00e1s en la calle V\u00edctor Manzano, s\/n, de Castilleja de la Cuesta (Sevilla)  <\/p>\n\n\n\n<figure class=\"wp-block-image\"><a href=\"https:\/\/www.google.es\/maps\/place\/CEIP+Luis+Cernuda\/@37.3878058,-6.079616,14z\/data=!4m8!1m2!2m1!1sceip+luis+cernuda!3m4!1s0xd126ca45f165519:0x129264a6792e4f1a!8m2!3d37.3915612!4d-6.0537981?hl=es\"><img decoding=\"async\" src=\"http:\/\/ceipluiscernudacastilleja.es\/wp-content\/uploads\/2020\/01\/image.png\" alt=\"La imagen tiene un atributo ALT vac\u00edo; su nombre de archivo es image.png\"\/><\/a><\/figure>\n\n\n\n<h1 class=\"wp-block-heading\">Correo electr\u00f3nico<\/h1>\n\n\n\n<div class=\"wp-block-group is-layout-flow wp-block-group-is-layout-flow\"><div class=\"wp-block-group__inner-container\">\n<div class=\"wp-block-group is-layout-flow wp-block-group-is-layout-flow\"><div class=\"wp-block-group__inner-container\">\n<p class=\"has-pale-cyan-blue-background-color has-background has-medium-font-size\">Puedes contactar con nosotros con car\u00e1cter general a trav\u00e9s de nuestro correo electr\u00f3nico:   41601437.edu@juntadeandalucia.es<\/p>\n<\/div><\/div>\n<\/div><\/div>\n\n\n\n<div class=\"wp-block-group is-layout-flow wp-block-group-is-layout-flow\"><div class=\"wp-block-group__inner-container\"><\/div><\/div>\n\n\n\n<h1 class=\"wp-block-heading\">Tel\u00e9fono<\/h1>\n\n\n\n<div class=\"wp-block-group has-pale-pink-background-color has-background is-layout-flow wp-block-group-is-layout-flow\"><div class=\"wp-block-group__inner-container\">\n<p class=\"has-medium-font-size\">A continuaci\u00f3n encontrar\u00e1s los tel\u00e9fonos de contacto del CEIP Luis Cernuda:<\/p>\n\n\n\n<p class=\"has-medium-font-size\">955622572 \u2013 Tel\u00e9fono del centro<\/p>\n<\/div><\/div>\n","protected":false},"excerpt":{"rendered":"<p>Localizaci\u00f3n Nos encontrar\u00e1s en la calle V\u00edctor Manzano, s\/n, de Castilleja de la Cuesta (Sevilla) Correo electr\u00f3nico Puedes contactar con nosotros con car\u00e1cter general a trav\u00e9s de nuestro correo electr\u00f3nico: 41601437.edu@juntadeandalucia.es Tel\u00e9fono A continuaci\u00f3n encontrar\u00e1s los tel\u00e9fonos de contacto del CEIP Luis Cernuda: 955622572 \u2013 Tel\u00e9fono del centro<\/p>\n","protected":false},"author":1,"featured_media":0,"parent":25,"menu_order":2,"comment_status":"closed","ping_status":"closed","template":"","meta":{"footnotes":""},"_links":{"self":[{"href":"https:\/\/ceipluiscernudacastilleja.es\/index.php?rest_route=\/wp\/v2\/pages\/27"}],"collection":[{"href":"https:\/\/ceipluiscernudacastilleja.es\/index.php?rest_route=\/wp\/v2\/pages"}],"about":[{"href":"https:\/\/ceipluiscernudacastilleja.es\/index.php?rest_route=\/wp\/v2\/types\/page"}],"author":[{"embeddable":true,"href":"https:\/\/ceipluiscernudacastilleja.es\/index.php?rest_route=\/wp\/v2\/users\/1"}],"replies":[{"embeddable":true,"href":"https:\/\/ceipluiscernudacastilleja.es\/index.php?rest_route=%2Fwp%2Fv2%2Fcomments&post=27"}],"version-history":[{"count":8,"href":"https:\/\/ceipluiscernudacastilleja.es\/index.php?rest_route=\/wp\/v2\/pages\/27\/revisions"}],"predecessor-version":[{"id":2463,"href":"https:\/\/ceipluiscernudacastilleja.es\/index.php?rest_route=\/wp\/v2\/pages\/27\/revisions\/2463"}],"up":[{"embeddable":true,"href":"https:\/\/ceipluiscernudacastilleja.es\/index.php?rest_route=\/wp\/v2\/pages\/25"}],"wp:attachment":[{"href":"https:\/\/ceipluiscernudacastilleja.es\/index.php?rest_route=%2Fwp%2Fv2%2Fmedia&parent=27"}],"curies":[{"name":"wp","href":"https:\/\/api.w.org\/{rel}","templated":true}]}}