{"id":2179,"date":"2022-05-30T07:29:01","date_gmt":"2022-05-30T07:29:01","guid":{"rendered":"http:\/\/ceipluiscernudacastilleja.es\/?page_id=2179"},"modified":"2025-06-05T09:48:06","modified_gmt":"2025-06-05T09:48:06","slug":"becas-alumnado","status":"publish","type":"page","link":"https:\/\/ceipluiscernudacastilleja.es\/?page_id=2179","title":{"rendered":"BECAS ALUMNADO"},"content":{"rendered":"\n<p class=\"has-text-align-center has-vivid-green-cyan-color has-white-background-color has-text-color has-background has-link-color has-medium-font-size wp-elements-5fcec62d4eeb341ea06454deedfbcf58\"><strong><mark style=\"background-color:rgba(0, 0, 0, 0)\" class=\"has-inline-color has-vivid-green-cyan-color\">AYUDAS NEAE 2025\/2026<\/mark><\/strong><\/p>\n\n\n\n<p class=\"has-light-green-cyan-background-color has-background\">Ya han salido las ayudas para el alumnado NEAE. Ha habido alguna modificaci\u00f3n respecto al a\u00f1o anterior. Ruego lean detenidamente la informaci\u00f3n alojada el en siguiente enlace.<\/p>\n\n\n<div class=\"wp-block-image\">\n<figure class=\"aligncenter size-full is-resized\"><img loading=\"lazy\" decoding=\"async\" width=\"638\" height=\"459\" src=\"https:\/\/ceipluiscernudacastilleja.es\/wp-content\/uploads\/2025\/06\/Captura-becas.jpg.png\" alt=\"\" class=\"wp-image-3255\" style=\"width:949px;height:auto\" srcset=\"https:\/\/ceipluiscernudacastilleja.es\/wp-content\/uploads\/2025\/06\/Captura-becas.jpg.png 638w, https:\/\/ceipluiscernudacastilleja.es\/wp-content\/uploads\/2025\/06\/Captura-becas.jpg-300x216.png 300w\" sizes=\"(max-width: 638px) 100vw, 638px\" \/><\/figure><\/div>\n\n\n<p class=\"has-light-green-cyan-background-color has-background\">Portal web<\/p>\n\n\n\n<p class=\"has-light-green-cyan-background-color has-background\"><a href=\"https:\/\/portales.ced.junta-andalucia.es\/educacion\/portales\/web\/educacion\/becas-ayudas\/ayudas\/educacion-especial\">https:\/\/portales.ced.junta-andalucia.es\/educacion\/portales\/web\/educacion\/becas-ayudas\/ayudas\/educacion-especial<\/a><\/p>\n\n\n\n<figure class=\"wp-block-image size-large is-resized\"><img loading=\"lazy\" decoding=\"async\" width=\"900\" height=\"458\" src=\"https:\/\/ceipluiscernudacastilleja.es\/wp-content\/uploads\/2025\/05\/Ayudas-NEAE-25-26-900x458.jpg\" alt=\"\" class=\"wp-image-3190\" style=\"width:1058px;height:auto\" srcset=\"https:\/\/ceipluiscernudacastilleja.es\/wp-content\/uploads\/2025\/05\/Ayudas-NEAE-25-26-900x458.jpg 900w, https:\/\/ceipluiscernudacastilleja.es\/wp-content\/uploads\/2025\/05\/Ayudas-NEAE-25-26-300x153.jpg 300w, https:\/\/ceipluiscernudacastilleja.es\/wp-content\/uploads\/2025\/05\/Ayudas-NEAE-25-26-768x391.jpg 768w, https:\/\/ceipluiscernudacastilleja.es\/wp-content\/uploads\/2025\/05\/Ayudas-NEAE-25-26.jpg 1284w\" sizes=\"(max-width: 900px) 100vw, 900px\" \/><\/figure>\n\n\n\n<div data-wp-interactive=\"\" class=\"wp-block-file\"><object data-wp-bind--hidden=\"!selectors.core.file.hasPdfPreview\" hidden class=\"wp-block-file__embed\" data=\"https:\/\/ceipluiscernudacastilleja.es\/wp-content\/uploads\/2025\/06\/Guia-familia-Beca.pdf\" type=\"application\/pdf\" style=\"width:100%;height:600px\" aria-label=\"Incrustado de Guia-familia-Beca.\"><\/object><a id=\"wp-block-file--media-bb4595ca-d62e-4b4b-92df-b31833ee1005\" href=\"https:\/\/ceipluiscernudacastilleja.es\/wp-content\/uploads\/2025\/06\/Guia-familia-Beca.pdf\">Guia-familia-Beca<\/a><a href=\"https:\/\/ceipluiscernudacastilleja.es\/wp-content\/uploads\/2025\/06\/Guia-familia-Beca.pdf\" class=\"wp-block-file__button wp-element-button\" download aria-describedby=\"wp-block-file--media-bb4595ca-d62e-4b4b-92df-b31833ee1005\">Descarga<\/a><\/div>\n","protected":false},"excerpt":{"rendered":"<p>AYUDAS NEAE 2025\/2026 Ya han salido las ayudas para el alumnado NEAE. Ha habido alguna modificaci\u00f3n respecto al a\u00f1o anterior. Ruego lean detenidamente la informaci\u00f3n alojada el en siguiente enlace. Portal web https:\/\/portales.ced.junta-andalucia.es\/educacion\/portales\/web\/educacion\/becas-ayudas\/ayudas\/educacion-especial<\/p>\n","protected":false},"author":1,"featured_media":0,"parent":21,"menu_order":6,"comment_status":"closed","ping_status":"closed","template":"","meta":{"footnotes":""},"_links":{"self":[{"href":"https:\/\/ceipluiscernudacastilleja.es\/index.php?rest_route=\/wp\/v2\/pages\/2179"}],"collection":[{"href":"https:\/\/ceipluiscernudacastilleja.es\/index.php?rest_route=\/wp\/v2\/pages"}],"about":[{"href":"https:\/\/ceipluiscernudacastilleja.es\/index.php?rest_route=\/wp\/v2\/types\/page"}],"author":[{"embeddable":true,"href":"https:\/\/ceipluiscernudacastilleja.es\/index.php?rest_route=\/wp\/v2\/users\/1"}],"replies":[{"embeddable":true,"href":"https:\/\/ceipluiscernudacastilleja.es\/index.php?rest_route=%2Fwp%2Fv2%2Fcomments&post=2179"}],"version-history":[{"count":6,"href":"https:\/\/ceipluiscernudacastilleja.es\/index.php?rest_route=\/wp\/v2\/pages\/2179\/revisions"}],"predecessor-version":[{"id":3259,"href":"https:\/\/ceipluiscernudacastilleja.es\/index.php?rest_route=\/wp\/v2\/pages\/2179\/revisions\/3259"}],"up":[{"embeddable":true,"href":"https:\/\/ceipluiscernudacastilleja.es\/index.php?rest_route=\/wp\/v2\/pages\/21"}],"wp:attachment":[{"href":"https:\/\/ceipluiscernudacastilleja.es\/index.php?rest_route=%2Fwp%2Fv2%2Fmedia&parent=2179"}],"curies":[{"name":"wp","href":"https:\/\/api.w.org\/{rel}","templated":true}]}}