{"id":2015,"date":"2022-05-18T11:25:06","date_gmt":"2022-05-18T11:25:06","guid":{"rendered":"http:\/\/ceipluiscernudacastilleja.es\/?page_id=2015"},"modified":"2025-05-30T10:01:22","modified_gmt":"2025-05-30T10:01:22","slug":"matriculacion","status":"publish","type":"page","link":"https:\/\/ceipluiscernudacastilleja.es\/?page_id=2015","title":{"rendered":"MATRICULACI\u00d3N   2025\/2026"},"content":{"rendered":"\n<div class=\"wp-block-group has-background is-layout-flow wp-block-group-is-layout-flow\" style=\"background-color:#df9dad\"><div class=\"wp-block-group__inner-container\">\n<p class=\"has-black-color has-text-color\" style=\"font-size:25px\"><strong><span style=\"background-color:rgba(0, 0, 0, 0)\" class=\"has-inline-color has-black-color\">FECHA DE REALIZACI\u00d3N DE MATR\u00cdCULAS PARA TODO EL ALUMNADO DEL CENTRO Y PARA LOS DE NUEVO INGRESO<\/span><\/strong>, <strong>DESDE EL DOMINGO 01 DE JUNIO AL LUNES 9 DE JUNIO (AMBOS INCLUSIVE)<\/strong><\/p>\n\n\n\n<p><\/p>\n\n\n\n<p class=\"has-medium-font-size\">La matr\u00edcula se realizar\u00e1 de forma telem\u00e1tica, como el curso pasado, a trav\u00e9s de la <a href=\"https:\/\/www.juntadeandalucia.es\/educacion\/secretariavirtual\/\" data-type=\"URL\" data-id=\"https:\/\/www.juntadeandalucia.es\/educacion\/secretariavirtual\/\" target=\"_blank\" rel=\"noreferrer noopener\"><img loading=\"lazy\" decoding=\"async\" width=\"465\" height=\"108\" class=\"wp-image-2083\" style=\"width: 150px;\" src=\"http:\/\/ceipluiscernudacastilleja.es\/wp-content\/uploads\/2022\/05\/SVCE.png\" alt=\"\" srcset=\"https:\/\/ceipluiscernudacastilleja.es\/wp-content\/uploads\/2022\/05\/SVCE.png 465w, https:\/\/ceipluiscernudacastilleja.es\/wp-content\/uploads\/2022\/05\/SVCE-300x70.png 300w\" sizes=\"(max-width: 465px) 100vw, 465px\" \/><\/a>. <\/p>\n\n\n\n<p class=\"has-medium-font-size\">Si tiene alguna dificultad, solicite ayuda en la secretar\u00eda del centro en el  horario de atenci\u00f3n al p\u00fablico:<\/p>\n\n\n\n<p class=\"has-medium-font-size\">ma\u00f1anas de 09:15 a 10:30  y de 12:45 a 13:30  <\/p>\n\n\n\n<p>Les dejamos un video recordatorio de c\u00f3mo realizar la matr\u00edcula online para que le sirva de ayuda que es de cursos anteriores pero explica el procedimiento de igual forma. <\/p>\n\n\n\n<figure class=\"wp-block-embed is-type-video is-provider-youtube wp-block-embed-youtube wp-embed-aspect-16-9 wp-has-aspect-ratio\"><div class=\"wp-block-embed__wrapper\">\nhttps:\/\/youtu.be\/VCcL3E5x7lk\n<\/div><\/figure>\n\n\n\n<div class=\"wp-block-columns is-layout-flex wp-container-core-columns-layout-1 wp-block-columns-is-layout-flex\">\n<div class=\"wp-block-column is-layout-flow wp-block-column-is-layout-flow\" style=\"flex-basis:100%\">\n<figure class=\"wp-block-embed aligncenter is-type-video is-provider-youtube wp-block-embed-youtube wp-embed-aspect-16-9 wp-has-aspect-ratio\"><div class=\"wp-block-embed__wrapper\">\n<iframe loading=\"lazy\" title=\"Sobre Electr\u00f3nico de Matr\u00edcula 2019 (ACTUALIZACI\u00d3N EN LA DESCRIPCI\u00d3N.\" width=\"1140\" height=\"641\" src=\"https:\/\/www.youtube.com\/embed\/V0U7eX0L7ro?start=2&#038;feature=oembed\" frameborder=\"0\" allow=\"accelerometer; autoplay; clipboard-write; encrypted-media; gyroscope; picture-in-picture; web-share\" referrerpolicy=\"strict-origin-when-cross-origin\" allowfullscreen><\/iframe>\n<\/div><\/figure>\n<\/div>\n<\/div>\n\n\n\n<p class=\"has-white-background-color has-background\"><strong>A continuaci\u00f3n le dejamos los documentos que ser\u00edan necesario aportar, si necesitaran hacer la MATRICULACI\u00d3N  de forma presencial.<\/strong><\/p>\n<\/div><\/div>\n\n\n\n<div class=\"wp-block-group has-background is-layout-flow wp-block-group-is-layout-flow\" style=\"background:linear-gradient(135deg,rgb(6,147,227) 0%,rgb(200,233,247) 38%,rgb(155,81,224) 100%)\"><div class=\"wp-block-group__inner-container\">\n<p class=\"has-text-align-center\"><strong><u>MATR\u00cdCULA Y AUTORIZACIONES<\/u><\/strong> (OBLIGATORIO).<\/p>\n\n\n\n<p>Se encuentran alojados todos en la siguiente direcci\u00f3n de correo electr\u00f3nico.<\/p>\n\n\n\n<p class=\"has-large-font-size\"><mark style=\"background-color:#fcb900\" class=\"has-inline-color has-black-color\"> <strong><a href=\"https:\/\/portales.ced.junta-andalucia.es\/educacion\/portales\/es\/web\/escolarizacion\/infantil-a-bachillerato\/impresos\" data-type=\"link\" data-id=\"https:\/\/portales.ced.junta-andalucia.es\/educacion\/portales\/es\/web\/escolarizacion\/infantil-a-bachillerato\/impresos\" target=\"_blank\" rel=\"noreferrer noopener\">Consejer\u00eda de Educaci\u00f3n-impresos<\/a><\/strong><\/mark><\/p>\n<\/div><\/div>\n\n\n\n<div class=\"wp-block-group has-background is-layout-flow wp-block-group-is-layout-flow\" style=\"background-color:#e8e49f\"><div class=\"wp-block-group__inner-container\">\n<p class=\"has-text-align-center has-normal-font-size\"><strong>AMPA (VOLUNTARIO)<\/strong><\/p>\n\n\n\n<div class=\"wp-block-file aligncenter\"><a id=\"wp-block-file--media-070d2c96-a392-478e-bde3-c7cccac38938\" href=\"https:\/\/ceipluiscernudacastilleja.es\/wp-content\/uploads\/2025\/05\/mensaje-presidenta-curso-25-26.pdf\" target=\"_blank\" rel=\"noreferrer noopener\"><strong><mark style=\"background-color:#fcb900\" class=\"has-inline-color has-black-color\">mensaje-presidenta-curso-25-26<\/mark><\/strong><\/a><a href=\"https:\/\/ceipluiscernudacastilleja.es\/wp-content\/uploads\/2025\/05\/mensaje-presidenta-curso-25-26.pdf\" class=\"wp-block-file__button wp-element-button\" download aria-describedby=\"wp-block-file--media-070d2c96-a392-478e-bde3-c7cccac38938\">Descarga<\/a><\/div>\n\n\n\n<div class=\"wp-block-file aligncenter\"><a id=\"wp-block-file--media-556ad8a2-d55a-4e4a-8df7-71ef304c7efa\" href=\"https:\/\/ceipluiscernudacastilleja.es\/wp-content\/uploads\/2025\/05\/ficha-socios-25-26-AMPA.pdf\" target=\"_blank\" rel=\"noreferrer noopener\"><strong><mark style=\"background-color:#fcb900\" class=\"has-inline-color has-black-color\">ficha-socios-25-26-AMPA<\/mark><\/strong><\/a><a href=\"https:\/\/ceipluiscernudacastilleja.es\/wp-content\/uploads\/2025\/05\/ficha-socios-25-26-AMPA.pdf\" class=\"wp-block-file__button wp-element-button\" download aria-describedby=\"wp-block-file--media-556ad8a2-d55a-4e4a-8df7-71ef304c7efa\">Descarga<\/a><\/div>\n<\/div><\/div>\n","protected":false},"excerpt":{"rendered":"<p>FECHA DE REALIZACI\u00d3N DE MATR\u00cdCULAS PARA TODO EL ALUMNADO DEL CENTRO Y PARA LOS DE NUEVO INGRESO, DESDE EL DOMINGO 01 DE JUNIO AL LUNES 9 DE JUNIO (AMBOS INCLUSIVE) La matr\u00edcula se realizar\u00e1 de forma telem\u00e1tica, como el curso pasado, a trav\u00e9s de la . Si tiene alguna dificultad, solicite ayuda en la secretar\u00eda [&hellip;]<\/p>\n","protected":false},"author":1,"featured_media":0,"parent":136,"menu_order":2,"comment_status":"closed","ping_status":"closed","template":"","meta":{"footnotes":""},"_links":{"self":[{"href":"https:\/\/ceipluiscernudacastilleja.es\/index.php?rest_route=\/wp\/v2\/pages\/2015"}],"collection":[{"href":"https:\/\/ceipluiscernudacastilleja.es\/index.php?rest_route=\/wp\/v2\/pages"}],"about":[{"href":"https:\/\/ceipluiscernudacastilleja.es\/index.php?rest_route=\/wp\/v2\/types\/page"}],"author":[{"embeddable":true,"href":"https:\/\/ceipluiscernudacastilleja.es\/index.php?rest_route=\/wp\/v2\/users\/1"}],"replies":[{"embeddable":true,"href":"https:\/\/ceipluiscernudacastilleja.es\/index.php?rest_route=%2Fwp%2Fv2%2Fcomments&post=2015"}],"version-history":[{"count":83,"href":"https:\/\/ceipluiscernudacastilleja.es\/index.php?rest_route=\/wp\/v2\/pages\/2015\/revisions"}],"predecessor-version":[{"id":3253,"href":"https:\/\/ceipluiscernudacastilleja.es\/index.php?rest_route=\/wp\/v2\/pages\/2015\/revisions\/3253"}],"up":[{"embeddable":true,"href":"https:\/\/ceipluiscernudacastilleja.es\/index.php?rest_route=\/wp\/v2\/pages\/136"}],"wp:attachment":[{"href":"https:\/\/ceipluiscernudacastilleja.es\/index.php?rest_route=%2Fwp%2Fv2%2Fmedia&parent=2015"}],"curies":[{"name":"wp","href":"https:\/\/api.w.org\/{rel}","templated":true}]}}