{"id":2013,"date":"2022-05-18T11:24:26","date_gmt":"2022-05-18T11:24:26","guid":{"rendered":"http:\/\/ceipluiscernudacastilleja.es\/?page_id=2013"},"modified":"2026-02-05T12:53:59","modified_gmt":"2026-02-05T12:53:59","slug":"admision","status":"publish","type":"page","link":"https:\/\/ceipluiscernudacastilleja.es\/?page_id=2013","title":{"rendered":"ADMISI\u00d3N"},"content":{"rendered":"\n<p><\/p>\n\n\n\n<p><\/p>\n\n\n\n<p><\/p>\n\n\n\n<p><\/p>\n\n\n\n<p><\/p>\n\n\n\n<p><\/p>\n\n\n\n<p><\/p>\n\n\n\n<p><\/p>\n\n\n\n<p><\/p>\n\n\n\n<p><\/p>\n\n\n\n<p class=\"has-luminous-vivid-orange-background-color has-background has-medium-font-size\"><strong>Publicaci\u00f3n documentaci\u00f3n inicial curso 2026\/2027<\/strong><\/p>\n\n\n\n<p>Pendiente de publicaci\u00f3n por parte de la Consejer\u00eda.<\/p>\n\n\n\n<p class=\"has-black-color has-vivid-purple-background-color has-text-color has-background has-link-color has-medium-font-size wp-elements-220a72fcbbce893c834aeb8367fd0adc\" style=\"text-decoration:underline\"><strong>CALENDARIO DEL PROCEDIMIENTO DE ADMISI\u00d3N Y MATRICULACI\u00d3N PARA EL CURSO 2026\/2027<\/strong><\/p>\n\n\n\n<figure class=\"wp-block-image size-large is-resized\"><img loading=\"lazy\" decoding=\"async\" width=\"637\" height=\"900\" src=\"https:\/\/ceipluiscernudacastilleja.es\/wp-content\/uploads\/2026\/02\/Calendario-Escolarizacion-26-27-Ceip-Luis-Cernuda-637x900.jpg\" alt=\"\" class=\"wp-image-3328\" style=\"width:853px;height:auto\" srcset=\"https:\/\/ceipluiscernudacastilleja.es\/wp-content\/uploads\/2026\/02\/Calendario-Escolarizacion-26-27-Ceip-Luis-Cernuda-637x900.jpg 637w, https:\/\/ceipluiscernudacastilleja.es\/wp-content\/uploads\/2026\/02\/Calendario-Escolarizacion-26-27-Ceip-Luis-Cernuda-212x300.jpg 212w, https:\/\/ceipluiscernudacastilleja.es\/wp-content\/uploads\/2026\/02\/Calendario-Escolarizacion-26-27-Ceip-Luis-Cernuda-768x1085.jpg 768w, https:\/\/ceipluiscernudacastilleja.es\/wp-content\/uploads\/2026\/02\/Calendario-Escolarizacion-26-27-Ceip-Luis-Cernuda-1087x1536.jpg 1087w, https:\/\/ceipluiscernudacastilleja.es\/wp-content\/uploads\/2026\/02\/Calendario-Escolarizacion-26-27-Ceip-Luis-Cernuda-1450x2048.jpg 1450w, https:\/\/ceipluiscernudacastilleja.es\/wp-content\/uploads\/2026\/02\/Calendario-Escolarizacion-26-27-Ceip-Luis-Cernuda-scaled.jpg 1812w\" sizes=\"(max-width: 637px) 100vw, 637px\" \/><\/figure>\n\n\n\n<p class=\"has-pale-pink-background-color has-background has-medium-font-size\">Enlace a la SECRETARIA VIRTUAL DE LOS CENTROS EDUCATIVOS.<strong><mark style=\"background-color:rgba(0, 0, 0, 0)\" class=\"has-inline-color has-black-color\"> <a href=\"https:\/\/www.juntadeandalucia.es\/educacion\/secretariavirtual\/\" data-type=\"link\" data-id=\"https:\/\/www.juntadeandalucia.es\/educacion\/secretariavirtual\/accesoTramite\/543\/\" target=\"_blank\" rel=\"noreferrer noopener\">PINCHE AQU\u00cd<\/a><\/mark><\/strong><\/p>\n\n\n\n<figure class=\"wp-block-image size-large is-resized\"><img loading=\"lazy\" decoding=\"async\" width=\"900\" height=\"636\" src=\"https:\/\/ceipluiscernudacastilleja.es\/wp-content\/uploads\/2025\/02\/Triptico-25-26.1-1-900x636.jpg\" alt=\"\" class=\"wp-image-3123\" style=\"width:937px;height:auto\" srcset=\"https:\/\/ceipluiscernudacastilleja.es\/wp-content\/uploads\/2025\/02\/Triptico-25-26.1-1-900x636.jpg 900w, https:\/\/ceipluiscernudacastilleja.es\/wp-content\/uploads\/2025\/02\/Triptico-25-26.1-1-300x212.jpg 300w, https:\/\/ceipluiscernudacastilleja.es\/wp-content\/uploads\/2025\/02\/Triptico-25-26.1-1-768x543.jpg 768w, https:\/\/ceipluiscernudacastilleja.es\/wp-content\/uploads\/2025\/02\/Triptico-25-26.1-1-1536x1086.jpg 1536w, https:\/\/ceipluiscernudacastilleja.es\/wp-content\/uploads\/2025\/02\/Triptico-25-26.1-1.jpg 1755w\" sizes=\"(max-width: 900px) 100vw, 900px\" \/><\/figure>\n\n\n\n<figure class=\"wp-block-gallery has-nested-images columns-default is-cropped wp-block-gallery-1 is-layout-flex wp-block-gallery-is-layout-flex\"><div class=\"wp-block-image\">\n<figure class=\"aligncenter size-large\"><img loading=\"lazy\" decoding=\"async\" width=\"900\" height=\"637\" data-id=\"3332\" src=\"https:\/\/ceipluiscernudacastilleja.es\/wp-content\/uploads\/2026\/02\/Triptico-Ceip-Luis-Cernuda-02-2-900x637.jpg\" alt=\"\" class=\"wp-image-3332\" srcset=\"https:\/\/ceipluiscernudacastilleja.es\/wp-content\/uploads\/2026\/02\/Triptico-Ceip-Luis-Cernuda-02-2-900x637.jpg 900w, https:\/\/ceipluiscernudacastilleja.es\/wp-content\/uploads\/2026\/02\/Triptico-Ceip-Luis-Cernuda-02-2-300x212.jpg 300w, https:\/\/ceipluiscernudacastilleja.es\/wp-content\/uploads\/2026\/02\/Triptico-Ceip-Luis-Cernuda-02-2-768x544.jpg 768w, https:\/\/ceipluiscernudacastilleja.es\/wp-content\/uploads\/2026\/02\/Triptico-Ceip-Luis-Cernuda-02-2-1536x1087.jpg 1536w, https:\/\/ceipluiscernudacastilleja.es\/wp-content\/uploads\/2026\/02\/Triptico-Ceip-Luis-Cernuda-02-2.jpg 1755w\" sizes=\"(max-width: 900px) 100vw, 900px\" \/><\/figure><\/div><\/figure>\n\n\n\n<p><\/p>\n\n\n\n<p><\/p>\n","protected":false},"excerpt":{"rendered":"<p>Publicaci\u00f3n documentaci\u00f3n inicial curso 2026\/2027 Pendiente de publicaci\u00f3n por parte de la Consejer\u00eda. CALENDARIO DEL PROCEDIMIENTO DE ADMISI\u00d3N Y MATRICULACI\u00d3N PARA EL CURSO 2026\/2027 Enlace a la SECRETARIA VIRTUAL DE LOS CENTROS EDUCATIVOS. PINCHE AQU\u00cd<\/p>\n","protected":false},"author":1,"featured_media":0,"parent":136,"menu_order":1,"comment_status":"closed","ping_status":"closed","template":"","meta":{"footnotes":""},"_links":{"self":[{"href":"https:\/\/ceipluiscernudacastilleja.es\/index.php?rest_route=\/wp\/v2\/pages\/2013"}],"collection":[{"href":"https:\/\/ceipluiscernudacastilleja.es\/index.php?rest_route=\/wp\/v2\/pages"}],"about":[{"href":"https:\/\/ceipluiscernudacastilleja.es\/index.php?rest_route=\/wp\/v2\/types\/page"}],"author":[{"embeddable":true,"href":"https:\/\/ceipluiscernudacastilleja.es\/index.php?rest_route=\/wp\/v2\/users\/1"}],"replies":[{"embeddable":true,"href":"https:\/\/ceipluiscernudacastilleja.es\/index.php?rest_route=%2Fwp%2Fv2%2Fcomments&post=2013"}],"version-history":[{"count":56,"href":"https:\/\/ceipluiscernudacastilleja.es\/index.php?rest_route=\/wp\/v2\/pages\/2013\/revisions"}],"predecessor-version":[{"id":3333,"href":"https:\/\/ceipluiscernudacastilleja.es\/index.php?rest_route=\/wp\/v2\/pages\/2013\/revisions\/3333"}],"up":[{"embeddable":true,"href":"https:\/\/ceipluiscernudacastilleja.es\/index.php?rest_route=\/wp\/v2\/pages\/136"}],"wp:attachment":[{"href":"https:\/\/ceipluiscernudacastilleja.es\/index.php?rest_route=%2Fwp%2Fv2%2Fmedia&parent=2013"}],"curies":[{"name":"wp","href":"https:\/\/api.w.org\/{rel}","templated":true}]}}