{"id":144,"date":"2020-01-28T16:29:56","date_gmt":"2020-01-28T16:29:56","guid":{"rendered":"http:\/\/ceipluiscernudacastilleja.es\/?page_id=144"},"modified":"2025-02-14T12:51:39","modified_gmt":"2025-02-14T12:51:39","slug":"ipasen","status":"publish","type":"page","link":"https:\/\/ceipluiscernudacastilleja.es\/?page_id=144","title":{"rendered":"IPasen                   IAnde"},"content":{"rendered":"\n<p class=\"has-pale-pink-background-color has-background\"><strong>Clave IAnde de nuestro hijos\/as.<\/strong>    <strong>El Identificador Andaluz Educativo<\/strong>\u00a0(iANDe) permite realizar telem\u00e1ticamente los procedimientos relacionados con la admisi\u00f3n, matriculaci\u00f3n y otros tr\u00e1mites evitando que las familias tengan que desplazarse al centro educativo. En el siguiente video le mostramos d\u00f3nde se encuentra dicho identificador dentro de su aplicaci\u00f3n m\u00f3vil IPasen.<\/p>\n\n\n\n<p class=\"has-large-font-size\"><a href=\"https:\/\/www.youtube.com\/watch?v=GolSetOB82M\" target=\"_blank\" rel=\"noreferrer noopener\"><strong><mark style=\"background-color:#7bdcb5\" class=\"has-inline-color\">https:\/\/www.youtube.com\/watch?v=GolSetOB82M<\/mark><\/strong><\/a><\/p>\n\n\n\n<p><\/p>\n\n\n\n<p class=\"has-luminous-vivid-orange-background-color has-background has-medium-font-size\"><strong>Ipasen aplicaci\u00f3n en dispositivo m\u00f3vil <\/strong><\/p>\n\n\n\n<div data-wp-interactive=\"\" class=\"wp-block-file\"><object data-wp-bind--hidden=\"!selectors.core.file.hasPdfPreview\" hidden class=\"wp-block-file__embed\" data=\"https:\/\/ceipluiscernudacastilleja.es\/wp-content\/uploads\/2025\/02\/La-comunicacion-con-las-familias-iPasen-1.pdf\" type=\"application\/pdf\" style=\"width:100%;height:600px\" aria-label=\"Incrustado de La-comunicacion-con-las-familias-iPasen-1.\"><\/object><a id=\"wp-block-file--media-0899dd3e-5916-4e00-920e-0b586150fba8\" href=\"https:\/\/ceipluiscernudacastilleja.es\/wp-content\/uploads\/2025\/02\/La-comunicacion-con-las-familias-iPasen-1.pdf\">La-comunicacion-con-las-familias-iPasen-1<\/a><a href=\"https:\/\/ceipluiscernudacastilleja.es\/wp-content\/uploads\/2025\/02\/La-comunicacion-con-las-familias-iPasen-1.pdf\" class=\"wp-block-file__button wp-element-button\" download aria-describedby=\"wp-block-file--media-0899dd3e-5916-4e00-920e-0b586150fba8\">Descarga<\/a><\/div>\n","protected":false},"excerpt":{"rendered":"<p>Clave IAnde de nuestro hijos\/as. El Identificador Andaluz Educativo\u00a0(iANDe) permite realizar telem\u00e1ticamente los procedimientos relacionados con la admisi\u00f3n, matriculaci\u00f3n y otros tr\u00e1mites evitando que las familias tengan que desplazarse al centro educativo. En el siguiente video le mostramos d\u00f3nde se encuentra dicho identificador dentro de su aplicaci\u00f3n m\u00f3vil IPasen. https:\/\/www.youtube.com\/watch?v=GolSetOB82M Ipasen aplicaci\u00f3n en dispositivo m\u00f3vil<\/p>\n","protected":false},"author":1,"featured_media":0,"parent":21,"menu_order":6,"comment_status":"closed","ping_status":"closed","template":"","meta":{"footnotes":""},"_links":{"self":[{"href":"https:\/\/ceipluiscernudacastilleja.es\/index.php?rest_route=\/wp\/v2\/pages\/144"}],"collection":[{"href":"https:\/\/ceipluiscernudacastilleja.es\/index.php?rest_route=\/wp\/v2\/pages"}],"about":[{"href":"https:\/\/ceipluiscernudacastilleja.es\/index.php?rest_route=\/wp\/v2\/types\/page"}],"author":[{"embeddable":true,"href":"https:\/\/ceipluiscernudacastilleja.es\/index.php?rest_route=\/wp\/v2\/users\/1"}],"replies":[{"embeddable":true,"href":"https:\/\/ceipluiscernudacastilleja.es\/index.php?rest_route=%2Fwp%2Fv2%2Fcomments&post=144"}],"version-history":[{"count":19,"href":"https:\/\/ceipluiscernudacastilleja.es\/index.php?rest_route=\/wp\/v2\/pages\/144\/revisions"}],"predecessor-version":[{"id":3152,"href":"https:\/\/ceipluiscernudacastilleja.es\/index.php?rest_route=\/wp\/v2\/pages\/144\/revisions\/3152"}],"up":[{"embeddable":true,"href":"https:\/\/ceipluiscernudacastilleja.es\/index.php?rest_route=\/wp\/v2\/pages\/21"}],"wp:attachment":[{"href":"https:\/\/ceipluiscernudacastilleja.es\/index.php?rest_route=%2Fwp%2Fv2%2Fmedia&parent=144"}],"curies":[{"name":"wp","href":"https:\/\/api.w.org\/{rel}","templated":true}]}}