{"id":142,"date":"2020-01-28T16:29:24","date_gmt":"2020-01-28T16:29:24","guid":{"rendered":"http:\/\/ceipluiscernudacastilleja.es\/?page_id=142"},"modified":"2025-06-26T11:31:36","modified_gmt":"2025-06-26T11:31:36","slug":"gratuidad-de-libros","status":"publish","type":"page","link":"https:\/\/ceipluiscernudacastilleja.es\/?page_id=142","title":{"rendered":"Gratuidad de libros"},"content":{"rendered":"\n<p class=\"has-pale-pink-background-color has-background\" style=\"font-size:24px\"><strong>LIBROS DE INFANTIL Y PRIMARIA PARA EL CURSO 2025\/2026<\/strong><br>Los libros de infantil no est\u00e1n sujetos a gratuidad. Los libros de 1\u00ba y 2\u00ba de E. Primaria al ser fungibles se compran todos los a\u00f1os a trav\u00e9s del cheque-libros entregados a las familias en el PUNTO DE RECOGIDA dentro de Pasen \/ Ipasen. Los libros de 3\u00ba, 4\u00ba, 5\u00ba y 6\u00ba se le entregar\u00e1n al alumnado en el colegio cuando llegue septiembre. Ser\u00e1 el tercer a\u00f1o con los mismos libros.<\/p>\n\n\n\n<div class=\"wp-block-file\"><a id=\"wp-block-file--media-9756e695-74f9-483c-912e-e41e0ceec0eb\" href=\"https:\/\/ceipluiscernudacastilleja.es\/wp-content\/uploads\/2025\/06\/LIBROS-INFANTIL-25-26.pdf\" target=\"_blank\" rel=\"noreferrer noopener\"><strong><mark style=\"background-color:#f78da7\" class=\"has-inline-color has-black-color\">LIBROS-INFANTIL-25-26<\/mark><\/strong><\/a><a href=\"https:\/\/ceipluiscernudacastilleja.es\/wp-content\/uploads\/2025\/06\/LIBROS-INFANTIL-25-26.pdf\" class=\"wp-block-file__button wp-element-button\" download aria-describedby=\"wp-block-file--media-9756e695-74f9-483c-912e-e41e0ceec0eb\">Descarga<\/a><\/div>\n\n\n\n<div class=\"wp-block-file\"><a id=\"wp-block-file--media-26a0f33d-f18d-474f-8fb8-e7e0bb8c907b\" href=\"https:\/\/ceipluiscernudacastilleja.es\/wp-content\/uploads\/2025\/06\/LIBROS-PRIMARIA-25-26.pdf\"><strong><mark style=\"background-color:#f78da7\" class=\"has-inline-color\">LIBROS-PRIMARIA-25-26<\/mark><\/strong><\/a><a href=\"https:\/\/ceipluiscernudacastilleja.es\/wp-content\/uploads\/2025\/06\/LIBROS-PRIMARIA-25-26.pdf\" class=\"wp-block-file__button wp-element-button\" download aria-describedby=\"wp-block-file--media-26a0f33d-f18d-474f-8fb8-e7e0bb8c907b\">Descarga<\/a><\/div>\n","protected":false},"excerpt":{"rendered":"<p>LIBROS DE INFANTIL Y PRIMARIA PARA EL CURSO 2025\/2026Los libros de infantil no est\u00e1n sujetos a gratuidad. Los libros de 1\u00ba y 2\u00ba de E. Primaria al ser fungibles se compran todos los a\u00f1os a trav\u00e9s del cheque-libros entregados a las familias en el PUNTO DE RECOGIDA dentro de Pasen \/ Ipasen. Los libros de [&hellip;]<\/p>\n","protected":false},"author":1,"featured_media":0,"parent":21,"menu_order":5,"comment_status":"closed","ping_status":"closed","template":"","meta":{"footnotes":""},"_links":{"self":[{"href":"https:\/\/ceipluiscernudacastilleja.es\/index.php?rest_route=\/wp\/v2\/pages\/142"}],"collection":[{"href":"https:\/\/ceipluiscernudacastilleja.es\/index.php?rest_route=\/wp\/v2\/pages"}],"about":[{"href":"https:\/\/ceipluiscernudacastilleja.es\/index.php?rest_route=\/wp\/v2\/types\/page"}],"author":[{"embeddable":true,"href":"https:\/\/ceipluiscernudacastilleja.es\/index.php?rest_route=\/wp\/v2\/users\/1"}],"replies":[{"embeddable":true,"href":"https:\/\/ceipluiscernudacastilleja.es\/index.php?rest_route=%2Fwp%2Fv2%2Fcomments&post=142"}],"version-history":[{"count":12,"href":"https:\/\/ceipluiscernudacastilleja.es\/index.php?rest_route=\/wp\/v2\/pages\/142\/revisions"}],"predecessor-version":[{"id":3267,"href":"https:\/\/ceipluiscernudacastilleja.es\/index.php?rest_route=\/wp\/v2\/pages\/142\/revisions\/3267"}],"up":[{"embeddable":true,"href":"https:\/\/ceipluiscernudacastilleja.es\/index.php?rest_route=\/wp\/v2\/pages\/21"}],"wp:attachment":[{"href":"https:\/\/ceipluiscernudacastilleja.es\/index.php?rest_route=%2Fwp%2Fv2%2Fmedia&parent=142"}],"curies":[{"name":"wp","href":"https:\/\/api.w.org\/{rel}","templated":true}]}}