{"id":140,"date":"2020-01-28T16:28:53","date_gmt":"2020-01-28T16:28:53","guid":{"rendered":"http:\/\/ceipluiscernudacastilleja.es\/?page_id=140"},"modified":"2025-09-23T06:34:07","modified_gmt":"2025-09-23T06:34:07","slug":"plan-de-apertura","status":"publish","type":"page","link":"https:\/\/ceipluiscernudacastilleja.es\/?page_id=140","title":{"rendered":"Plan de Apertura"},"content":{"rendered":"\n<p class=\"has-light-green-cyan-background-color has-background has-medium-font-size\"><strong>L\u00cdMITES PARA LAS BONIFICACIONES DEL PRECIO P\u00daBLICO PARA EL CURSO 2025\/2026<\/strong><\/p>\n\n\n\n<figure class=\"wp-block-image size-large is-resized\"><img loading=\"lazy\" decoding=\"async\" width=\"900\" height=\"473\" src=\"https:\/\/ceipluiscernudacastilleja.es\/wp-content\/uploads\/2025\/09\/limites-bonificaciones-25-26-900x473.png\" alt=\"\" class=\"wp-image-3307\" style=\"width:1008px;height:auto\" srcset=\"https:\/\/ceipluiscernudacastilleja.es\/wp-content\/uploads\/2025\/09\/limites-bonificaciones-25-26-900x473.png 900w, https:\/\/ceipluiscernudacastilleja.es\/wp-content\/uploads\/2025\/09\/limites-bonificaciones-25-26-300x158.png 300w, https:\/\/ceipluiscernudacastilleja.es\/wp-content\/uploads\/2025\/09\/limites-bonificaciones-25-26-768x404.png 768w, https:\/\/ceipluiscernudacastilleja.es\/wp-content\/uploads\/2025\/09\/limites-bonificaciones-25-26.png 1152w\" sizes=\"(max-width: 900px) 100vw, 900px\" \/><\/figure>\n\n\n\n<div class=\"wp-block-file\"><a id=\"wp-block-file--media-bef8d02d-7e7d-448a-baaf-ac84418c36c5\" href=\"https:\/\/ceipluiscernudacastilleja.es\/wp-content\/uploads\/2025\/09\/Limites-bonificaciones-2526.pdf\" target=\"_blank\" rel=\"noreferrer noopener\"><mark style=\"background-color:#7bdcb5\" class=\"has-inline-color has-black-color\">Limites-bonificaciones-2526<\/mark><\/a><a href=\"https:\/\/ceipluiscernudacastilleja.es\/wp-content\/uploads\/2025\/09\/Limites-bonificaciones-2526.pdf\" class=\"wp-block-file__button wp-element-button\" download aria-describedby=\"wp-block-file--media-bef8d02d-7e7d-448a-baaf-ac84418c36c5\">Descarga<\/a><\/div>\n\n\n\n<p class=\"has-black-color has-luminous-vivid-amber-background-color has-text-color has-background has-link-color has-medium-font-size wp-elements-9d5d0f504e916f7e6f125e7dc7bc03eb\">AAEE QUE FUNCIONAR\u00c1N A PARTIR DEL 01 DE OCTUBRE DE 2025<\/p>\n\n\n\n<figure class=\"wp-block-image size-large\"><img loading=\"lazy\" decoding=\"async\" width=\"900\" height=\"210\" src=\"https:\/\/ceipluiscernudacastilleja.es\/wp-content\/uploads\/2025\/09\/AAEE-web-2-900x210.png\" alt=\"\" class=\"wp-image-3296\" srcset=\"https:\/\/ceipluiscernudacastilleja.es\/wp-content\/uploads\/2025\/09\/AAEE-web-2-900x210.png 900w, https:\/\/ceipluiscernudacastilleja.es\/wp-content\/uploads\/2025\/09\/AAEE-web-2-300x70.png 300w, https:\/\/ceipluiscernudacastilleja.es\/wp-content\/uploads\/2025\/09\/AAEE-web-2-768x179.png 768w, https:\/\/ceipluiscernudacastilleja.es\/wp-content\/uploads\/2025\/09\/AAEE-web-2-1536x358.png 1536w, https:\/\/ceipluiscernudacastilleja.es\/wp-content\/uploads\/2025\/09\/AAEE-web-2.png 1731w\" sizes=\"(max-width: 900px) 100vw, 900px\" \/><\/figure>\n\n\n\n<div class=\"wp-block-group is-layout-constrained wp-block-group-is-layout-constrained\"><div class=\"wp-block-group__inner-container\">\n<div class=\"wp-block-group is-layout-constrained wp-block-group-is-layout-constrained\"><div class=\"wp-block-group__inner-container\">\n<figure class=\"wp-block-image size-full is-resized\"><img loading=\"lazy\" decoding=\"async\" width=\"842\" height=\"439\" src=\"https:\/\/ceipluiscernudacastilleja.es\/wp-content\/uploads\/2025\/05\/AAEE-25-26-1.jpg\" alt=\"\" class=\"wp-image-3220\" style=\"width:1018px;height:auto\" srcset=\"https:\/\/ceipluiscernudacastilleja.es\/wp-content\/uploads\/2025\/05\/AAEE-25-26-1.jpg 842w, https:\/\/ceipluiscernudacastilleja.es\/wp-content\/uploads\/2025\/05\/AAEE-25-26-1-300x156.jpg 300w, https:\/\/ceipluiscernudacastilleja.es\/wp-content\/uploads\/2025\/05\/AAEE-25-26-1-768x400.jpg 768w\" sizes=\"(max-width: 842px) 100vw, 842px\" \/><\/figure>\n\n\n\n<p class=\"has-vivid-green-cyan-background-color has-background has-medium-font-size\">Se realizar\u00e1 online a trav\u00e9s de la <strong>SECRETARIA VIRTUAL DE LOS CENTROS EDUCATIVOS<\/strong>. El horario de atenci\u00f3n en ventanilla es: ma\u00f1anas de  09:30 a 10:30 y de  12:45 a 13:30.<\/p>\n<\/div><\/div>\n\n\n\n<p class=\"has-vivid-green-cyan-background-color has-background has-medium-font-size\">Para acceder al portal de la <strong>Secretar\u00eda Virtual <\/strong>de los centro educativos <a href=\"https:\/\/www.juntadeandalucia.es\/educacion\/secretariavirtual\/\" data-type=\"URL\" data-id=\"https:\/\/www.juntadeandalucia.es\/educacion\/secretariavirtual\/\" target=\"_blank\" rel=\"noreferrer noopener\"><span class=\"highlight\">pinche aqu\u00ed.<\/span><\/a> Toda la informaci\u00f3n se encuentar a su disposici\u00f3n en la p\u00e1gina oficial de la <a href=\"https:\/\/www.juntadeandalucia.es\/educacion\/portals\/web\/ced\/servicios-complementarios\" data-type=\"URL\" data-id=\"https:\/\/www.juntadeandalucia.es\/educacion\/portals\/web\/ced\"><strong><em>CONSEJER\u00cdA DE DESARROLLO EDUCATIVO Y FORMACI\u00d3N PROFESIONAL.<\/em><\/strong><\/a><\/p>\n<\/div><\/div>\n\n\n\n<p><\/p>\n\n\n\n<div class=\"wp-block-group is-nowrap is-layout-flex wp-container-core-group-layout-3 wp-block-group-is-layout-flex\">\n<p class=\"has-vivid-green-cyan-background-color has-background\"><strong>Calendario<\/strong><\/p>\n\n\n\n<div class=\"wp-block-file has-background\" style=\"background-color:#00d18457\"><a id=\"wp-block-file--media-6d61f60b-ac4d-4a11-ac85-ac300f7de90a\" href=\"https:\/\/ceipluiscernudacastilleja.es\/wp-content\/uploads\/2025\/04\/2025-03-10-Calendario-Servicios-Complementrios.pdf\" target=\"_blank\" rel=\"noreferrer noopener\"><strong><mark style=\"background-color:#00d084\" class=\"has-inline-color has-black-color\">2025-03-10-Calendario-Servicios-Complementrios<\/mark><\/strong><\/a><a href=\"https:\/\/ceipluiscernudacastilleja.es\/wp-content\/uploads\/2025\/04\/2025-03-10-Calendario-Servicios-Complementrios.pdf\" class=\"wp-block-file__button wp-element-button\" download aria-describedby=\"wp-block-file--media-6d61f60b-ac4d-4a11-ac85-ac300f7de90a\">Descarga<\/a><\/div>\n\n\n\n<p class=\"has-vivid-green-cyan-background-color has-background\"><strong>Documentos para acreditar circunstancias personales<\/strong><\/p>\n\n\n\n<div class=\"wp-block-file has-background\" style=\"background-color:#00d18469\"><a id=\"wp-block-file--media-22d15ef9-4216-49e8-9ccc-6640110a8033\" href=\"https:\/\/ceipluiscernudacastilleja.es\/wp-content\/uploads\/2025\/04\/ANEXO-II-PA-como-acreditar.pdf\" target=\"_blank\" rel=\"noreferrer noopener\"><strong><mark style=\"background-color:#00d084\" class=\"has-inline-color has-black-color\">ANEXO-II-PA-como-acreditar<\/mark><\/strong><\/a><a href=\"https:\/\/ceipluiscernudacastilleja.es\/wp-content\/uploads\/2025\/04\/ANEXO-II-PA-como-acreditar.pdf\" class=\"wp-block-file__button wp-element-button\" download aria-describedby=\"wp-block-file--media-22d15ef9-4216-49e8-9ccc-6640110a8033\">Descarga<\/a><\/div>\n<\/div>\n\n\n\n<p><\/p>\n\n\n\n<div class=\"wp-block-group has-background is-layout-constrained wp-block-group-is-layout-constrained\" style=\"background-color:#fcb90057\"><div class=\"wp-block-group__inner-container\">\n<p class=\"has-background\" style=\"background-color:#fcb90059\">En el&nbsp;<strong>BOJA N\u00famero 150 \u2013 Mi\u00e9rcoles, 2 de agosto de 2024<\/strong>, se recoge el \u00abAcuerdo de 30 de julio de 2024, del Consejo de Gobierno, por el que se revisan la cuant\u00edas de los precios p\u00fablicos del servicio de comedor &#8230;                                                                                                                       Los precios quedan fijados:                                                                                                          <strong>Aula matinal ( 17,51 euros\/mes y  1,33 euros\/d\u00eda).                                                                                                                                            Comedor escolar: ( 5,54 euros\/d\u00eda).                                                                                                                                                     Actividades extraescolares (17,51 euros por cada actividad al mes)   <\/strong><\/p>\n\n\n\n<p><\/p>\n\n\n\n<div class=\"wp-block-group has-small-font-size is-layout-constrained wp-block-group-is-layout-constrained\"><div class=\"wp-block-group__inner-container\">\n<div class=\"wp-block-group is-layout-constrained wp-block-group-is-layout-constrained\"><div class=\"wp-block-group__inner-container\">\n<div class=\"wp-block-file has-background\" style=\"background-color:#fcb9007d\"><a id=\"wp-block-file--media-3a005632-9450-4261-a1a0-b05acd94a411\" href=\"https:\/\/ceipluiscernudacastilleja.es\/wp-content\/uploads\/2024\/09\/2024-08-02-BOJA-150-Acuerdo-30-07-24-precios-PA.pdf\" target=\"_blank\" rel=\"noreferrer noopener\"><strong><mark style=\"background-color:#ff6900\" class=\"has-inline-color has-black-color\">2024-08-02-BOJA-150-Acuerdo-30-07-24-precios-PA<\/mark><\/strong><\/a><a href=\"https:\/\/ceipluiscernudacastilleja.es\/wp-content\/uploads\/2024\/09\/2024-08-02-BOJA-150-Acuerdo-30-07-24-precios-PA.pdf\" class=\"wp-block-file__button wp-element-button\" download aria-describedby=\"wp-block-file--media-3a005632-9450-4261-a1a0-b05acd94a411\">Descarga<\/a><\/div>\n<\/div><\/div>\n<\/div><\/div>\n<\/div><\/div>\n\n\n\n<div class=\"wp-block-group is-layout-constrained wp-block-group-is-layout-constrained\"><div class=\"wp-block-group__inner-container\">\n<p class=\"has-blush-light-purple-gradient-background has-background has-small-font-size\"><strong>FORMULARIOS <\/strong>                                                                                                                    Resoluci\u00f3n de 16 de abril de 2024, de la Direcci\u00f3n General de Planificaci\u00f3n, Centros y Ense\u00f1anza concertada, por la que se aprueba y da publicidad a los <strong>formularios normalizados <\/strong>de la Orden de 17 de abril de 2017, por la que se regula la organizaci\u00f3n y el funcionamiento de los servicios complementarios de aula matinal, comedor escolar y actividades extraescolares, as\u00ed como el uso de las instalaciones de los centros docentes p\u00fablicos de la Comunidad Aut\u00f3noma de Andaluc\u00eda fuera del horario escolar.                     <\/p>\n\n\n\n<p class=\"has-blush-light-purple-gradient-background has-background has-small-font-size\">El acceso a los <strong>ANEXOS<\/strong> se encuentran en el siguiente enlace a la web de la Consejeria de Desarrollo Educativo y Formaci\u00f3n Profesional.  <a href=\"https:\/\/www.juntadeandalucia.es\/educacion\/portals\/web\/ced\/servicios-complementarios\" target=\"_blank\" rel=\"noreferrer noopener\"><mark style=\"background-color:rgba(0, 0, 0, 0)\" class=\"has-inline-color has-black-color\">https:\/\/www.juntadeandalucia.es\/educacion\/portals\/web\/ced\/servicios-complementarios<\/mark><\/a><\/p>\n<\/div><\/div>\n\n\n\n<div class=\"wp-block-group is-nowrap is-layout-flex wp-container-core-group-layout-8 wp-block-group-is-layout-flex\">\n<p class=\"has-pale-pink-background-color has-background has-medium-font-size\"><a href=\"https:\/\/www.juntadeandalucia.es\/educacion\/portals\/delegate\/content\/6c4342f7-1581-4c26-bc7e-2e49b4b64cee\/Anexo%20II:%20Solicitud%20de%20servicio%20de%20aula%20matinal,%20comedor%20escolar%20o%20actividades%20extraescolares\" data-type=\"link\" data-id=\"https:\/\/www.juntadeandalucia.es\/educacion\/portals\/delegate\/content\/6c4342f7-1581-4c26-bc7e-2e49b4b64cee\/Anexo%20II:%20Solicitud%20de%20servicio%20de%20aula%20matinal,%20comedor%20escolar%20o%20actividades%20extraescolares\" target=\"_blank\" rel=\"noreferrer noopener\"><strong><mark style=\"background-color:rgba(0, 0, 0, 0)\" class=\"has-inline-color has-black-color\">Anexo II: solicitud servicio Aula Matinal, Comedor y Actividades Extraescolares <\/mark><\/strong><\/a><\/p>\n\n\n\n<p class=\"has-pale-pink-background-color has-background has-medium-font-size\"><a href=\"https:\/\/www.juntadeandalucia.es\/educacion\/portals\/delegate\/content\/74016212-4361-405a-a81c-9e6909e07964\/Anexo%20V:%20Solicitud%20de%20gratuidad\/bonificaci%C3%B3n%20del%20precio%20p%C3%BAblico%20por%20los%20servicios%20complementarios%20de%20aula%20matinal,%20comedor%20escolar%20y%20actividades%20extraescolares\" data-type=\"link\" data-id=\"https:\/\/www.juntadeandalucia.es\/educacion\/portals\/delegate\/content\/74016212-4361-405a-a81c-9e6909e07964\/Anexo%20V:%20Solicitud%20de%20gratuidad\/bonificaci%C3%B3n%20del%20precio%20p%C3%BAblico%20por%20los%20servicios%20complementarios%20de%20aula%20matinal,%20comedor%20escolar%20y%20actividades%20extraescolares\" target=\"_blank\" rel=\"noreferrer noopener\"><strong><mark style=\"background-color:rgba(0, 0, 0, 0)\" class=\"has-inline-color has-black-color\">Anexo V: solicitud de bonificaci\u00f3n \/ gratuidad de los servicios complementarios<\/mark><\/strong><\/a><\/p>\n<\/div>\n\n\n\n<p><\/p>\n\n\n\n<div class=\"wp-block-group is-layout-flow wp-block-group-is-layout-flow\"><div class=\"wp-block-group__inner-container\">\n<div class=\"wp-block-columns is-layout-flex wp-container-core-columns-layout-1 wp-block-columns-is-layout-flex\">\n<div class=\"wp-block-column is-layout-flow wp-block-column-is-layout-flow\" style=\"flex-basis:100%\"><\/div>\n<\/div>\n\n\n\n<p class=\"has-text-align-center has-light-green-cyan-background-color has-background\" style=\"font-size:16px\">Os dejamos un video explicativo del procedimiento a seguir. <strong><a href=\"https:\/\/youtu.be\/V0U7eX0L7ro\" target=\"_blank\" rel=\"noreferrer noopener\">https:\/\/youtu.be\/V0U7eX0L7ro<\/a><\/strong><\/p>\n<\/div><\/div>\n\n\n\n<div class=\"wp-block-group has-background is-layout-flow wp-block-group-is-layout-flow\" style=\"background-color:#eee3a0\"><div class=\"wp-block-group__inner-container\">\n<p class=\"has-text-align-center\" style=\"font-size:24px\"><strong>EMPRESAS ADJUDICATARIAS DE SERVICIOS EN EL CURSO 2025\/2026<\/strong><\/p>\n\n\n\n<div class=\"wp-block-group is-layout-flow wp-block-group-is-layout-flow\"><div class=\"wp-block-group__inner-container\">\n<p style=\"font-size:18px\"><strong>Las empresas de los distintos servicios del plan de apertura durante el curso 2025-2026 ser\u00e1n:          <\/strong> <\/p>\n\n\n\n<p style=\"font-size:18px\"> <strong>Aula Matinal:   EULEN EDUCA <\/strong><\/p>\n\n\n\n<div class=\"wp-block-file\"><a id=\"wp-block-file--media-6627fb77-cb68-444d-9b2f-611fafd2ba5b\" href=\"https:\/\/ceipluiscernudacastilleja.es\/wp-content\/uploads\/2025\/09\/Informacion-Aula-Matinal-2526.pdf\" target=\"_blank\" rel=\"noreferrer noopener\"><strong><mark style=\"background-color:#f78da7\" class=\"has-inline-color has-black-color\">Informacion-Aula-Matinal-2526<\/mark><\/strong><\/a><a href=\"https:\/\/ceipluiscernudacastilleja.es\/wp-content\/uploads\/2025\/09\/Informacion-Aula-Matinal-2526.pdf\" class=\"wp-block-file__button wp-element-button\" download aria-describedby=\"wp-block-file--media-6627fb77-cb68-444d-9b2f-611fafd2ba5b\">Descarga<\/a><\/div>\n\n\n\n<p style=\"font-size:18px\"><strong>Comedor:   HERMANOS GONZ\u00c1LEZ<\/strong><\/p>\n\n\n\n<div class=\"wp-block-file\"><a id=\"wp-block-file--media-2bd6a8ee-a205-4ccb-9926-c25bac2ce923\" href=\"https:\/\/ceipluiscernudacastilleja.es\/wp-content\/uploads\/2025\/09\/SEVILLA-TRES-SUR-Circular-a-los-Padres-Ano-2025-2026.pdf\" target=\"_blank\" rel=\"noreferrer noopener\"><strong><mark style=\"background-color:#f78da7\" class=\"has-inline-color has-black-color\">SEVILLA-TRES-SUR-Circular-a-los-Padres-Ano-2025-2026<\/mark><\/strong><\/a><a href=\"https:\/\/ceipluiscernudacastilleja.es\/wp-content\/uploads\/2025\/09\/SEVILLA-TRES-SUR-Circular-a-los-Padres-Ano-2025-2026.pdf\" class=\"wp-block-file__button wp-element-button\" download aria-describedby=\"wp-block-file--media-2bd6a8ee-a205-4ccb-9926-c25bac2ce923\">Descarga<\/a><\/div>\n\n\n\n<p style=\"font-size:18px\"><strong>Actividades extraescolares:     ASESORAMIENTO DEPORTIVO Y EDUCATIVO 2011 SLU <\/strong><\/p>\n\n\n\n<p class=\"has-medium-font-size\"><strong>Fuera del Plan de Apertura hay  <span class=\"highlight\">AULA DEL MEDIOD\u00cdA<\/span> DEL CURSO 2025\/2026 (de 14:00 a 15:00) gestionado por la empresa ASESORAMIENTO DEPORTIVO Y EDUCATIVO 2011 SLU<\/strong>.<\/p>\n\n\n\n<div class=\"wp-block-file\"><a id=\"wp-block-file--media-c55233e1-d803-4925-8a3e-03ee80358a7f\" href=\"https:\/\/ceipluiscernudacastilleja.es\/wp-content\/uploads\/2025\/09\/INSCRIPCION-aula-mediodia-CURSO-25-26.pdf\" target=\"_blank\" rel=\"noreferrer noopener\"><strong><mark style=\"background-color:#f78da7\" class=\"has-inline-color has-black-color\">INSCRIPCION-aula-mediodia-CURSO-25-26<\/mark><\/strong><\/a><a href=\"https:\/\/ceipluiscernudacastilleja.es\/wp-content\/uploads\/2025\/09\/INSCRIPCION-aula-mediodia-CURSO-25-26.pdf\" class=\"wp-block-file__button wp-element-button\" download aria-describedby=\"wp-block-file--media-c55233e1-d803-4925-8a3e-03ee80358a7f\">Descarga<\/a><\/div>\n<\/div><\/div>\n<\/div><\/div>\n\n\n\n<div class=\"wp-block-group is-layout-flow wp-block-group-is-layout-flow\"><div class=\"wp-block-group__inner-container\">\n<p class=\"has-white-color has-text-color\"><\/p>\n<\/div><\/div>\n\n\n\n<div class=\"wp-block-group is-layout-flow wp-block-group-is-layout-flow\"><div class=\"wp-block-group__inner-container\"><\/div><\/div>\n\n\n\n<p><\/p>\n\n\n\n<p><\/p>\n","protected":false},"excerpt":{"rendered":"<p>L\u00cdMITES PARA LAS BONIFICACIONES DEL PRECIO P\u00daBLICO PARA EL CURSO 2025\/2026 AAEE QUE FUNCIONAR\u00c1N A PARTIR DEL 01 DE OCTUBRE DE 2025 Se realizar\u00e1 online a trav\u00e9s de la SECRETARIA VIRTUAL DE LOS CENTROS EDUCATIVOS. El horario de atenci\u00f3n en ventanilla es: ma\u00f1anas de 09:30 a 10:30 y de 12:45 a 13:30. Para acceder al [&hellip;]<\/p>\n","protected":false},"author":1,"featured_media":0,"parent":21,"menu_order":4,"comment_status":"closed","ping_status":"closed","template":"","meta":{"footnotes":""},"_links":{"self":[{"href":"https:\/\/ceipluiscernudacastilleja.es\/index.php?rest_route=\/wp\/v2\/pages\/140"}],"collection":[{"href":"https:\/\/ceipluiscernudacastilleja.es\/index.php?rest_route=\/wp\/v2\/pages"}],"about":[{"href":"https:\/\/ceipluiscernudacastilleja.es\/index.php?rest_route=\/wp\/v2\/types\/page"}],"author":[{"embeddable":true,"href":"https:\/\/ceipluiscernudacastilleja.es\/index.php?rest_route=\/wp\/v2\/users\/1"}],"replies":[{"embeddable":true,"href":"https:\/\/ceipluiscernudacastilleja.es\/index.php?rest_route=%2Fwp%2Fv2%2Fcomments&post=140"}],"version-history":[{"count":234,"href":"https:\/\/ceipluiscernudacastilleja.es\/index.php?rest_route=\/wp\/v2\/pages\/140\/revisions"}],"predecessor-version":[{"id":3312,"href":"https:\/\/ceipluiscernudacastilleja.es\/index.php?rest_route=\/wp\/v2\/pages\/140\/revisions\/3312"}],"up":[{"embeddable":true,"href":"https:\/\/ceipluiscernudacastilleja.es\/index.php?rest_route=\/wp\/v2\/pages\/21"}],"wp:attachment":[{"href":"https:\/\/ceipluiscernudacastilleja.es\/index.php?rest_route=%2Fwp%2Fv2%2Fmedia&parent=140"}],"curies":[{"name":"wp","href":"https:\/\/api.w.org\/{rel}","templated":true}]}}