{"id":132,"date":"2020-01-28T16:25:35","date_gmt":"2020-01-28T16:25:35","guid":{"rendered":"http:\/\/ceipluiscernudacastilleja.es\/?page_id=132"},"modified":"2025-09-17T12:15:47","modified_gmt":"2025-09-17T12:15:47","slug":"horario-de-ventanilla","status":"publish","type":"page","link":"https:\/\/ceipluiscernudacastilleja.es\/?page_id=132","title":{"rendered":"Horario de ventanilla y Calendario"},"content":{"rendered":"\n<div class=\"wp-block-columns is-layout-flex wp-container-core-columns-layout-2 wp-block-columns-is-layout-flex\">\n<div class=\"wp-block-column is-layout-flow wp-block-column-is-layout-flow\" style=\"flex-basis:100%\">\n<div class=\"wp-block-group is-layout-flow wp-block-group-is-layout-flow\"><div class=\"wp-block-group__inner-container\">\n<div class=\"wp-block-group is-layout-flow wp-block-group-is-layout-flow\"><div class=\"wp-block-group__inner-container\">\n<div class=\"wp-block-group is-layout-flow wp-block-group-is-layout-flow\"><div class=\"wp-block-group__inner-container\">\n<p class=\"has-vivid-green-cyan-background-color has-background\" style=\"font-size:24px\">Nuestro horario de atenci\u00f3n al p\u00fablico para el curso <strong>2025\/2026 <\/strong>es en horario de ma\u00f1ana de lunes a viernes: de 09:15 a 10:30 y de 12:45 a 13:30.<\/p>\n<\/div><\/div>\n<\/div><\/div>\n\n\n\n<p class=\"has-vivid-green-cyan-background-color has-background has-medium-font-size\"> En periodos de comienzo de curso, escolarizaci\u00f3n, matriculaci\u00f3n y final de curso, estos horarios pueden sufrir alguna modificaci\u00f3n para el correcto funcionamiento del centro.<\/p>\n\n\n\n<p><\/p>\n\n\n\n<p class=\"has-vivid-green-cyan-background-color has-background\" style=\"font-size:26px\">Tel\u00e9fono  de contacto <strong>955 622 572.  <\/strong>Direcci\u00f3n de correo electr\u00f3nico   <strong>41601437.edu@juntadeandalucia.es <\/strong><\/p>\n\n\n\n<p><\/p>\n\n\n\n<p><\/p>\n\n\n\n<div class=\"wp-block-group is-layout-flow wp-block-group-is-layout-flow\"><div class=\"wp-block-group__inner-container\">\n<div class=\"wp-block-group is-layout-flow wp-block-group-is-layout-flow\"><div class=\"wp-block-group__inner-container\">\n<p class=\"has-text-align-center has-pale-pink-background-color has-background\" style=\"font-size:24px\"><strong>Calendario escolar 2025\/2026<\/strong><\/p>\n\n\n\n<div class=\"wp-block-columns is-layout-flex wp-container-core-columns-layout-1 wp-block-columns-is-layout-flex\">\n<div class=\"wp-block-column is-vertically-aligned-center is-layout-flow wp-block-column-is-layout-flow\" style=\"flex-basis:100%\">\n<div class=\"wp-block-group has-pale-pink-background-color has-background is-layout-flow wp-block-group-is-layout-flow\"><div class=\"wp-block-group__inner-container\">\n<p class=\"has-medium-font-size\"><strong>DIAS NO LECTIVOS ELEGIDOS EN EL CONSEJO ESCOLAR MUNICIPAL PARA EL CURSO ESCOLAR 2025\/2026<\/strong><\/p>\n\n\n\n<p class=\"has-medium-font-size\">   lunes 02 de marzo <\/p>\n\n\n\n<p class=\"has-medium-font-size\">   jueves 23 y viernes 24 de abril (feria de Sevilla)       <\/p>\n\n\n\n<p class=\"has-medium-font-size\"> Recordarles que es festivo local en Castilleja, el lunes 06 de abril de 2026<\/p>\n<\/div><\/div>\n<\/div>\n<\/div>\n\n\n\n<div data-wp-interactive=\"\" class=\"wp-block-file\"><object data-wp-bind--hidden=\"!selectors.core.file.hasPdfPreview\" hidden class=\"wp-block-file__embed\" data=\"https:\/\/ceipluiscernudacastilleja.es\/wp-content\/uploads\/2025\/09\/CALENDARIO-25_26F.pdf\" type=\"application\/pdf\" style=\"width:100%;height:600px\" aria-label=\"Incrustado de CALENDARIO-25_26F.\"><\/object><a id=\"wp-block-file--media-adac6243-6c45-42bd-a678-ea35785adcd3\" href=\"https:\/\/ceipluiscernudacastilleja.es\/wp-content\/uploads\/2025\/09\/CALENDARIO-25_26F.pdf\">CALENDARIO-25_26F<\/a><a href=\"https:\/\/ceipluiscernudacastilleja.es\/wp-content\/uploads\/2025\/09\/CALENDARIO-25_26F.pdf\" class=\"wp-block-file__button wp-element-button\" download aria-describedby=\"wp-block-file--media-adac6243-6c45-42bd-a678-ea35785adcd3\">Descarga<\/a><\/div>\n<\/div><\/div>\n<\/div><\/div>\n<\/div><\/div>\n<\/div>\n<\/div>\n\n\n<div class=\"wp-block-image\">\n<figure class=\"aligncenter size-large is-resized\"><img loading=\"lazy\" decoding=\"async\" width=\"1024\" height=\"683\" src=\"http:\/\/ceipluiscernudacastilleja.es\/wp-content\/uploads\/2020\/01\/malvestida-magazine-FfbVFLAVscw-unsplash-1024x683.jpg\" alt=\"\" class=\"wp-image-158\" style=\"width:443px;height:296px\" srcset=\"https:\/\/ceipluiscernudacastilleja.es\/wp-content\/uploads\/2020\/01\/malvestida-magazine-FfbVFLAVscw-unsplash-1024x683.jpg 1024w, https:\/\/ceipluiscernudacastilleja.es\/wp-content\/uploads\/2020\/01\/malvestida-magazine-FfbVFLAVscw-unsplash-300x200.jpg 300w, https:\/\/ceipluiscernudacastilleja.es\/wp-content\/uploads\/2020\/01\/malvestida-magazine-FfbVFLAVscw-unsplash-768x512.jpg 768w, https:\/\/ceipluiscernudacastilleja.es\/wp-content\/uploads\/2020\/01\/malvestida-magazine-FfbVFLAVscw-unsplash-1536x1024.jpg 1536w, https:\/\/ceipluiscernudacastilleja.es\/wp-content\/uploads\/2020\/01\/malvestida-magazine-FfbVFLAVscw-unsplash-2048x1365.jpg 2048w, https:\/\/ceipluiscernudacastilleja.es\/wp-content\/uploads\/2020\/01\/malvestida-magazine-FfbVFLAVscw-unsplash-720x480.jpg 720w\" sizes=\"(max-width: 1024px) 100vw, 1024px\" \/><\/figure><\/div>","protected":false},"excerpt":{"rendered":"<p>Nuestro horario de atenci\u00f3n al p\u00fablico para el curso 2025\/2026 es en horario de ma\u00f1ana de lunes a viernes: de 09:15 a 10:30 y de 12:45 a 13:30. En periodos de comienzo de curso, escolarizaci\u00f3n, matriculaci\u00f3n y final de curso, estos horarios pueden sufrir alguna modificaci\u00f3n para el correcto funcionamiento del centro. Tel\u00e9fono de contacto [&hellip;]<\/p>\n","protected":false},"author":1,"featured_media":0,"parent":21,"menu_order":1,"comment_status":"closed","ping_status":"closed","template":"","meta":{"footnotes":""},"_links":{"self":[{"href":"https:\/\/ceipluiscernudacastilleja.es\/index.php?rest_route=\/wp\/v2\/pages\/132"}],"collection":[{"href":"https:\/\/ceipluiscernudacastilleja.es\/index.php?rest_route=\/wp\/v2\/pages"}],"about":[{"href":"https:\/\/ceipluiscernudacastilleja.es\/index.php?rest_route=\/wp\/v2\/types\/page"}],"author":[{"embeddable":true,"href":"https:\/\/ceipluiscernudacastilleja.es\/index.php?rest_route=\/wp\/v2\/users\/1"}],"replies":[{"embeddable":true,"href":"https:\/\/ceipluiscernudacastilleja.es\/index.php?rest_route=%2Fwp%2Fv2%2Fcomments&post=132"}],"version-history":[{"count":45,"href":"https:\/\/ceipluiscernudacastilleja.es\/index.php?rest_route=\/wp\/v2\/pages\/132\/revisions"}],"predecessor-version":[{"id":3305,"href":"https:\/\/ceipluiscernudacastilleja.es\/index.php?rest_route=\/wp\/v2\/pages\/132\/revisions\/3305"}],"up":[{"embeddable":true,"href":"https:\/\/ceipluiscernudacastilleja.es\/index.php?rest_route=\/wp\/v2\/pages\/21"}],"wp:attachment":[{"href":"https:\/\/ceipluiscernudacastilleja.es\/index.php?rest_route=%2Fwp%2Fv2%2Fmedia&parent=132"}],"curies":[{"name":"wp","href":"https:\/\/api.w.org\/{rel}","templated":true}]}}